{"id":959,"date":"2022-04-06T11:55:04","date_gmt":"2022-04-06T09:55:04","guid":{"rendered":"https:\/\/www.darazsvin.sk\/?post_type=product&#038;p=959"},"modified":"2022-04-06T11:55:04","modified_gmt":"2022-04-06T09:55:04","slug":"cuvee-franc-cerevene-suche","status":"publish","type":"product","link":"https:\/\/www.darazsvin.sk\/hu\/product\/cuvee-franc-vorosbor-szaraz\/","title":{"rendered":"Cuv\u00e9e Franc sz\u00e1raz v\u00f6r\u00f6sbor"},"content":{"rendered":"<p class=\"p1\"><span dir=\"ltr\" role=\"presentation\">Pln\u00e9, na v\u00f4ne bohat\u00e9 \u010derven\u00e9 v\u00edno, ktor\u00e9 V\u00e1s o\u010dar\u00ed.<\/span><br role=\"presentation\" \/><span dir=\"ltr\" role=\"presentation\">Poch\u00e1dza zo spojenia odr\u00f4d Cabernet Franc,<\/span><br role=\"presentation\" \/><span dir=\"ltr\" role=\"presentation\">Cabernet Sauvignon, Merlot a Dunaj dopestovan\u00fdch<\/span><br role=\"presentation\" \/><span dir=\"ltr\" role=\"presentation\">na ju\u017en\u00fdch svahoch Ma\u010farska a Slovenska. Bohat\u00fa<\/span><br role=\"presentation\" \/><span dir=\"ltr\" role=\"presentation\">paletu v\u00f4ne a chuti nap\u013a\u0148aj\u00fa \u010dierne r\u00edbezle, \u010dokol\u00e1da,<\/span><br role=\"presentation\" \/><span dir=\"ltr\" role=\"presentation\">zrel\u00e9 maliny, slivky, ale aj vanilka a hork\u00e1 \u010dokol\u00e1da.<\/span><br role=\"presentation\" \/><span dir=\"ltr\" role=\"presentation\">Vyzrievanie v dreven\u00fdch barikov\u00fdch sudoch dodalo<\/span><br role=\"presentation\" \/><span dir=\"ltr\" role=\"presentation\">v\u00ednu eleganciu a \u0161arm.<\/span><\/p>\n<p class=\"p1\"><b>Ro\u010dn\u00edk<\/b>: 2017<br \/>\n<b>Farba v\u00edna<\/b>: \u010derven\u00e1<br \/>\n<b>Cukornatos\u0165<\/b>: such\u00e9<br \/>\n<b>Alkohol<\/b>: 14,50 obj. %<br \/>\n<strong>Celkov\u00e9 kyseliny<\/strong>: 4,7 g\/l<br \/>\n<strong>P\u00f4vod hrozna<\/strong>: Ma\u010farsko<br \/>\n<strong>D\u00e1tum plnenia<\/strong>: 07\/2019<\/p>\n<p>Obsahuje siri\u010ditany.<\/p>","protected":false},"excerpt":{"rendered":"<p>Pln\u00e9, na v\u00f4ne bohat\u00e9 \u010derven\u00e9 v\u00edno, ktor\u00e9 V\u00e1s o\u010dar\u00ed.Poch\u00e1dza zo spojenia odr\u00f4d Cabernet Franc,Cabernet Sauvignon, Merlot a Dunaj dopestovan\u00fdchna ju\u017en\u00fdch svahoch Ma\u010farska a Slovenska. Bohat\u00fapaletu v\u00f4ne a chuti nap\u013a\u0148aj\u00fa \u010dierne&hellip;<\/p>","protected":false},"featured_media":713,"comment_status":"open","ping_status":"closed","template":"","meta":[],"product_cat":[19],"product_tag":[],"yoast_head":"<!-- This site is optimized with the Yoast SEO plugin v20.6 - https:\/\/yoast.com\/wordpress\/plugins\/seo\/ -->\n<title>Cuv\u00e9e Franc \u010dereven\u00e9 such\u00e9 | Vin\u00e1rstvo Dar\u00e1zsvin<\/title>\n<meta name=\"robots\" content=\"index, follow, max-snippet:-1, max-image-preview:large, max-video-preview:-1\" \/>\n<link rel=\"canonical\" href=\"https:\/\/www.darazsvin.sk\/hu\/product\/cuvee-franc-vorosbor-szaraz\/\" \/>\n<meta property=\"og:locale\" content=\"hu_HU\" \/>\n<meta property=\"og:type\" content=\"article\" \/>\n<meta property=\"og:title\" content=\"Cuv\u00e9e Franc \u010dereven\u00e9 such\u00e9 | Vin\u00e1rstvo Dar\u00e1zsvin\" \/>\n<meta property=\"og:description\" content=\"Pln\u00e9, na v\u00f4ne bohat\u00e9 \u010derven\u00e9 v\u00edno, ktor\u00e9 V\u00e1s o\u010dar\u00ed.Poch\u00e1dza zo spojenia odr\u00f4d Cabernet Franc,Cabernet Sauvignon, Merlot a Dunaj dopestovan\u00fdchna ju\u017en\u00fdch svahoch Ma\u010farska a Slovenska. Bohat\u00fapaletu v\u00f4ne a chuti nap\u013a\u0148aj\u00fa \u010dierne&hellip;\" \/>\n<meta property=\"og:url\" content=\"https:\/\/www.darazsvin.sk\/hu\/product\/cuvee-franc-vorosbor-szaraz\/\" \/>\n<meta property=\"og:site_name\" content=\"Vin\u00e1rstvo Dar\u00e1zsvin\" \/>\n<meta property=\"og:image\" content=\"https:\/\/www.darazsvin.sk\/wp-content\/uploads\/2020\/04\/cuveefranc2017.png\" \/>\n\t<meta property=\"og:image:width\" content=\"465\" \/>\n\t<meta property=\"og:image:height\" content=\"762\" \/>\n\t<meta property=\"og:image:type\" content=\"image\/png\" \/>\n<meta name=\"twitter:card\" content=\"summary_large_image\" \/>\n<script type=\"application\/ld+json\" class=\"yoast-schema-graph\">{\"@context\":\"https:\/\/schema.org\",\"@graph\":[{\"@type\":\"WebPage\",\"@id\":\"https:\/\/www.darazsvin.sk\/product\/cuvee-franc-cerevene-suche\/\",\"url\":\"https:\/\/www.darazsvin.sk\/product\/cuvee-franc-cerevene-suche\/\",\"name\":\"Cuv\u00e9e Franc \u010dereven\u00e9 such\u00e9 | Vin\u00e1rstvo Dar\u00e1zsvin\",\"isPartOf\":{\"@id\":\"https:\/\/www.darazsvin.sk\/#website\"},\"datePublished\":\"2022-04-06T09:55:04+00:00\",\"dateModified\":\"2022-04-06T09:55:04+00:00\",\"breadcrumb\":{\"@id\":\"https:\/\/www.darazsvin.sk\/product\/cuvee-franc-cerevene-suche\/#breadcrumb\"},\"inLanguage\":\"hu\",\"potentialAction\":[{\"@type\":\"ReadAction\",\"target\":[\"https:\/\/www.darazsvin.sk\/product\/cuvee-franc-cerevene-suche\/\"]}]},{\"@type\":\"BreadcrumbList\",\"@id\":\"https:\/\/www.darazsvin.sk\/product\/cuvee-franc-cerevene-suche\/#breadcrumb\",\"itemListElement\":[{\"@type\":\"ListItem\",\"position\":1,\"name\":\"Home\",\"item\":\"https:\/\/www.darazsvin.sk\/\"},{\"@type\":\"ListItem\",\"position\":2,\"name\":\"V\u00edno\",\"item\":\"https:\/\/www.darazsvin.sk\/vino\/\"},{\"@type\":\"ListItem\",\"position\":3,\"name\":\"Cuv\u00e9e Franc \u010dereven\u00e9 such\u00e9\"}]},{\"@type\":\"WebSite\",\"@id\":\"https:\/\/www.darazsvin.sk\/#website\",\"url\":\"https:\/\/www.darazsvin.sk\/\",\"name\":\"Vin\u00e1rstvo Dar\u00e1zsvin\",\"description\":\"Rodinn\u00e9 vin\u00e1rstvo s l\u00e1skou k v\u00ednu\",\"publisher\":{\"@id\":\"https:\/\/www.darazsvin.sk\/#organization\"},\"potentialAction\":[{\"@type\":\"SearchAction\",\"target\":{\"@type\":\"EntryPoint\",\"urlTemplate\":\"https:\/\/www.darazsvin.sk\/?s={search_term_string}\"},\"query-input\":\"required name=search_term_string\"}],\"inLanguage\":\"hu\"},{\"@type\":\"Organization\",\"@id\":\"https:\/\/www.darazsvin.sk\/#organization\",\"name\":\"Vin\u00e1rstvo Dar\u00e1zsvin\",\"url\":\"https:\/\/www.darazsvin.sk\/\",\"logo\":{\"@type\":\"ImageObject\",\"inLanguage\":\"hu\",\"@id\":\"https:\/\/www.darazsvin.sk\/#\/schema\/logo\/image\/\",\"url\":\"https:\/\/www.darazsvin.sk\/wp-content\/uploads\/2023\/05\/darazsvin-vinarstvo-logo-home.png\",\"contentUrl\":\"https:\/\/www.darazsvin.sk\/wp-content\/uploads\/2023\/05\/darazsvin-vinarstvo-logo-home.png\",\"width\":400,\"height\":180,\"caption\":\"Vin\u00e1rstvo Dar\u00e1zsvin\"},\"image\":{\"@id\":\"https:\/\/www.darazsvin.sk\/#\/schema\/logo\/image\/\"}}]}<\/script>\n<!-- \/ Yoast SEO plugin. -->","yoast_head_json":{"title":"Cuv\u00e9e Franc \u010dereven\u00e9 such\u00e9 | Vin\u00e1rstvo Dar\u00e1zsvin","robots":{"index":"index","follow":"follow","max-snippet":"max-snippet:-1","max-image-preview":"max-image-preview:large","max-video-preview":"max-video-preview:-1"},"canonical":"https:\/\/www.darazsvin.sk\/hu\/product\/cuvee-franc-vorosbor-szaraz\/","og_locale":"hu_HU","og_type":"article","og_title":"Cuv\u00e9e Franc \u010dereven\u00e9 such\u00e9 | Vin\u00e1rstvo Dar\u00e1zsvin","og_description":"Pln\u00e9, na v\u00f4ne bohat\u00e9 \u010derven\u00e9 v\u00edno, ktor\u00e9 V\u00e1s o\u010dar\u00ed.Poch\u00e1dza zo spojenia odr\u00f4d Cabernet Franc,Cabernet Sauvignon, Merlot a Dunaj dopestovan\u00fdchna ju\u017en\u00fdch svahoch Ma\u010farska a Slovenska. Bohat\u00fapaletu v\u00f4ne a chuti nap\u013a\u0148aj\u00fa \u010dierne&hellip;","og_url":"https:\/\/www.darazsvin.sk\/hu\/product\/cuvee-franc-vorosbor-szaraz\/","og_site_name":"Vin\u00e1rstvo Dar\u00e1zsvin","og_image":[{"width":465,"height":762,"url":"https:\/\/www.darazsvin.sk\/wp-content\/uploads\/2020\/04\/cuveefranc2017.png","type":"image\/png"}],"twitter_card":"summary_large_image","schema":{"@context":"https:\/\/schema.org","@graph":[{"@type":"WebPage","@id":"https:\/\/www.darazsvin.sk\/product\/cuvee-franc-cerevene-suche\/","url":"https:\/\/www.darazsvin.sk\/product\/cuvee-franc-cerevene-suche\/","name":"Cuv\u00e9e Franc \u010dereven\u00e9 such\u00e9 | Vin\u00e1rstvo Dar\u00e1zsvin","isPartOf":{"@id":"https:\/\/www.darazsvin.sk\/#website"},"datePublished":"2022-04-06T09:55:04+00:00","dateModified":"2022-04-06T09:55:04+00:00","breadcrumb":{"@id":"https:\/\/www.darazsvin.sk\/product\/cuvee-franc-cerevene-suche\/#breadcrumb"},"inLanguage":"hu","potentialAction":[{"@type":"ReadAction","target":["https:\/\/www.darazsvin.sk\/product\/cuvee-franc-cerevene-suche\/"]}]},{"@type":"BreadcrumbList","@id":"https:\/\/www.darazsvin.sk\/product\/cuvee-franc-cerevene-suche\/#breadcrumb","itemListElement":[{"@type":"ListItem","position":1,"name":"Home","item":"https:\/\/www.darazsvin.sk\/"},{"@type":"ListItem","position":2,"name":"V\u00edno","item":"https:\/\/www.darazsvin.sk\/vino\/"},{"@type":"ListItem","position":3,"name":"Cuv\u00e9e Franc \u010dereven\u00e9 such\u00e9"}]},{"@type":"WebSite","@id":"https:\/\/www.darazsvin.sk\/#website","url":"https:\/\/www.darazsvin.sk\/","name":"Vin\u00e1rstvo Dar\u00e1zsvin","description":"Rodinn\u00e9 vin\u00e1rstvo s l\u00e1skou k v\u00ednu","publisher":{"@id":"https:\/\/www.darazsvin.sk\/#organization"},"potentialAction":[{"@type":"SearchAction","target":{"@type":"EntryPoint","urlTemplate":"https:\/\/www.darazsvin.sk\/?s={search_term_string}"},"query-input":"required name=search_term_string"}],"inLanguage":"hu"},{"@type":"Organization","@id":"https:\/\/www.darazsvin.sk\/#organization","name":"Vin\u00e1rstvo Dar\u00e1zsvin","url":"https:\/\/www.darazsvin.sk\/","logo":{"@type":"ImageObject","inLanguage":"hu","@id":"https:\/\/www.darazsvin.sk\/#\/schema\/logo\/image\/","url":"https:\/\/www.darazsvin.sk\/wp-content\/uploads\/2023\/05\/darazsvin-vinarstvo-logo-home.png","contentUrl":"https:\/\/www.darazsvin.sk\/wp-content\/uploads\/2023\/05\/darazsvin-vinarstvo-logo-home.png","width":400,"height":180,"caption":"Vin\u00e1rstvo Dar\u00e1zsvin"},"image":{"@id":"https:\/\/www.darazsvin.sk\/#\/schema\/logo\/image\/"}}]}},"_links":{"self":[{"href":"https:\/\/www.darazsvin.sk\/hu\/wp-json\/wp\/v3\/product\/959"}],"collection":[{"href":"https:\/\/www.darazsvin.sk\/hu\/wp-json\/wp\/v3\/product"}],"about":[{"href":"https:\/\/www.darazsvin.sk\/hu\/wp-json\/wp\/v2\/types\/product"}],"replies":[{"embeddable":true,"href":"https:\/\/www.darazsvin.sk\/hu\/wp-json\/wp\/v2\/comments?post=959"}],"wp:featuredmedia":[{"embeddable":true,"href":"https:\/\/www.darazsvin.sk\/hu\/wp-json\/wp\/v2\/media\/713"}],"wp:attachment":[{"href":"https:\/\/www.darazsvin.sk\/hu\/wp-json\/wp\/v2\/media?parent=959"}],"wp:term":[{"taxonomy":"product_cat","embeddable":true,"href":"https:\/\/www.darazsvin.sk\/hu\/wp-json\/wp\/v2\/product_cat?post=959"},{"taxonomy":"product_tag","embeddable":true,"href":"https:\/\/www.darazsvin.sk\/hu\/wp-json\/wp\/v2\/product_tag?post=959"}],"curies":[{"name":"wp","href":"https:\/\/api.w.org\/{rel}","templated":true}]}}