{"id":954,"date":"2022-04-06T11:31:18","date_gmt":"2022-04-06T09:31:18","guid":{"rendered":"https:\/\/www.darazsvin.sk\/?post_type=product&#038;p=954"},"modified":"2024-03-24T18:05:15","modified_gmt":"2024-03-24T17:05:15","slug":"rulandske-sede-2021-polosuche","status":"publish","type":"product","link":"https:\/\/www.darazsvin.sk\/hu\/product\/rulandske-sede-2021-polosuche\/","title":{"rendered":"Rulandsk\u00e9 \u0161ed\u00e9 2021 biele polosladk\u00e9"},"content":{"rendered":"<p class=\"p1\">V\u00edno zlato\u017eltej farby, medovej sladkastej v\u00f4ne s jemn\u00fdm pomaran\u010dom a s n\u00e1dychom chlebovej k\u00f4ry. Zvy\u0161kov\u00fd cukor a jemn\u00e9 kyseliny mu dod\u00e1vaj\u00fa sladkast\u00fa, ovocno-korenist\u00fa dochu\u0165.<\/p>\n<p class=\"p1\"><b>Ro\u010dn\u00edk<\/b>: 2021<br \/>\n<b>Farba v\u00edna<\/b>: biel\u00e1<br \/>\n<b>Cukornatos\u0165<\/b>: polosladk\u00e9<br \/>\n<b>Alkohol<\/b>: 12,50 obj. %<br \/>\n<strong>Celkov\u00e9 kyseliny<\/strong>: 7,0 g\/l<br \/>\n<strong>Zvy\u0161kov\u00fd cukor<\/strong>: 24 g\/l<br \/>\n<strong>P\u00f4vod hrozna<\/strong>: Ma\u010farsko<br \/>\n<strong>D\u00e1tum plnenia<\/strong>: 03\/2022<\/p>\n<p>Obsahuje siri\u010ditany.<\/p>","protected":false},"excerpt":{"rendered":"<p>V\u00edno zlato\u017eltej farby, medovej sladkastej v\u00f4ne s jemn\u00fdm pomaran\u010dom a s n\u00e1dychom chlebovej k\u00f4ry. Zvy\u0161kov\u00fd cukor a jemn\u00e9 kyseliny mu dod\u00e1vaj\u00fa sladkast\u00fa, ovocno-korenist\u00fa dochu\u0165. Ro\u010dn\u00edk: 2021 Farba v\u00edna: biel\u00e1 Cukornatos\u0165:&hellip;<\/p>","protected":false},"featured_media":955,"comment_status":"open","ping_status":"closed","template":"","meta":[],"product_cat":[41,37,17],"product_tag":[],"yoast_head":"<!-- This site is optimized with the Yoast SEO plugin v20.6 - https:\/\/yoast.com\/wordpress\/plugins\/seo\/ -->\n<title>Rulandsk\u00e9 \u0161ed\u00e9 2021 biele polosladk\u00e9 | Vin\u00e1rstvo Dar\u00e1zsvin<\/title>\n<meta name=\"robots\" content=\"index, follow, max-snippet:-1, max-image-preview:large, max-video-preview:-1\" \/>\n<link rel=\"canonical\" href=\"https:\/\/www.darazsvin.sk\/hu\/product\/rulandske-sede-2021-polosuche\/\" \/>\n<meta property=\"og:locale\" content=\"hu_HU\" \/>\n<meta property=\"og:type\" content=\"article\" \/>\n<meta property=\"og:title\" content=\"Rulandsk\u00e9 \u0161ed\u00e9 2021 biele polosladk\u00e9 | Vin\u00e1rstvo Dar\u00e1zsvin\" \/>\n<meta property=\"og:description\" content=\"V\u00edno zlato\u017eltej farby, medovej sladkastej v\u00f4ne s jemn\u00fdm pomaran\u010dom a s n\u00e1dychom chlebovej k\u00f4ry. Zvy\u0161kov\u00fd cukor a jemn\u00e9 kyseliny mu dod\u00e1vaj\u00fa sladkast\u00fa, ovocno-korenist\u00fa dochu\u0165. Ro\u010dn\u00edk: 2021 Farba v\u00edna: biel\u00e1 Cukornatos\u0165:&hellip;\" \/>\n<meta property=\"og:url\" content=\"https:\/\/www.darazsvin.sk\/hu\/product\/rulandske-sede-2021-polosuche\/\" \/>\n<meta property=\"og:site_name\" content=\"Vin\u00e1rstvo Dar\u00e1zsvin\" \/>\n<meta property=\"article:modified_time\" content=\"2024-03-24T17:05:15+00:00\" \/>\n<meta property=\"og:image\" content=\"https:\/\/www.darazsvin.sk\/wp-content\/uploads\/2022\/04\/Rulandsk\u00e9-\u0160ed\u00e9-2021.png\" \/>\n\t<meta property=\"og:image:width\" content=\"465\" \/>\n\t<meta property=\"og:image:height\" content=\"761\" \/>\n\t<meta property=\"og:image:type\" content=\"image\/png\" \/>\n<meta name=\"twitter:card\" content=\"summary_large_image\" \/>\n<script type=\"application\/ld+json\" class=\"yoast-schema-graph\">{\"@context\":\"https:\/\/schema.org\",\"@graph\":[{\"@type\":\"WebPage\",\"@id\":\"https:\/\/www.darazsvin.sk\/product\/rulandske-sede-2021-polosuche\/\",\"url\":\"https:\/\/www.darazsvin.sk\/product\/rulandske-sede-2021-polosuche\/\",\"name\":\"Rulandsk\u00e9 \u0161ed\u00e9 2021 biele polosladk\u00e9 | Vin\u00e1rstvo Dar\u00e1zsvin\",\"isPartOf\":{\"@id\":\"https:\/\/www.darazsvin.sk\/#website\"},\"datePublished\":\"2022-04-06T09:31:18+00:00\",\"dateModified\":\"2024-03-24T17:05:15+00:00\",\"breadcrumb\":{\"@id\":\"https:\/\/www.darazsvin.sk\/product\/rulandske-sede-2021-polosuche\/#breadcrumb\"},\"inLanguage\":\"hu\",\"potentialAction\":[{\"@type\":\"ReadAction\",\"target\":[\"https:\/\/www.darazsvin.sk\/product\/rulandske-sede-2021-polosuche\/\"]}]},{\"@type\":\"BreadcrumbList\",\"@id\":\"https:\/\/www.darazsvin.sk\/product\/rulandske-sede-2021-polosuche\/#breadcrumb\",\"itemListElement\":[{\"@type\":\"ListItem\",\"position\":1,\"name\":\"Home\",\"item\":\"https:\/\/www.darazsvin.sk\/\"},{\"@type\":\"ListItem\",\"position\":2,\"name\":\"V\u00edno\",\"item\":\"https:\/\/www.darazsvin.sk\/vino\/\"},{\"@type\":\"ListItem\",\"position\":3,\"name\":\"Rulandsk\u00e9 \u0161ed\u00e9 2021 biele polosladk\u00e9\"}]},{\"@type\":\"WebSite\",\"@id\":\"https:\/\/www.darazsvin.sk\/#website\",\"url\":\"https:\/\/www.darazsvin.sk\/\",\"name\":\"Vin\u00e1rstvo Dar\u00e1zsvin\",\"description\":\"Rodinn\u00e9 vin\u00e1rstvo s l\u00e1skou k v\u00ednu\",\"publisher\":{\"@id\":\"https:\/\/www.darazsvin.sk\/#organization\"},\"potentialAction\":[{\"@type\":\"SearchAction\",\"target\":{\"@type\":\"EntryPoint\",\"urlTemplate\":\"https:\/\/www.darazsvin.sk\/?s={search_term_string}\"},\"query-input\":\"required name=search_term_string\"}],\"inLanguage\":\"hu\"},{\"@type\":\"Organization\",\"@id\":\"https:\/\/www.darazsvin.sk\/#organization\",\"name\":\"Vin\u00e1rstvo Dar\u00e1zsvin\",\"url\":\"https:\/\/www.darazsvin.sk\/\",\"logo\":{\"@type\":\"ImageObject\",\"inLanguage\":\"hu\",\"@id\":\"https:\/\/www.darazsvin.sk\/#\/schema\/logo\/image\/\",\"url\":\"https:\/\/www.darazsvin.sk\/wp-content\/uploads\/2023\/05\/darazsvin-vinarstvo-logo-home.png\",\"contentUrl\":\"https:\/\/www.darazsvin.sk\/wp-content\/uploads\/2023\/05\/darazsvin-vinarstvo-logo-home.png\",\"width\":400,\"height\":180,\"caption\":\"Vin\u00e1rstvo Dar\u00e1zsvin\"},\"image\":{\"@id\":\"https:\/\/www.darazsvin.sk\/#\/schema\/logo\/image\/\"}}]}<\/script>\n<!-- \/ Yoast SEO plugin. -->","yoast_head_json":{"title":"Rulandsk\u00e9 \u0161ed\u00e9 2021 biele polosladk\u00e9 | Vin\u00e1rstvo Dar\u00e1zsvin","robots":{"index":"index","follow":"follow","max-snippet":"max-snippet:-1","max-image-preview":"max-image-preview:large","max-video-preview":"max-video-preview:-1"},"canonical":"https:\/\/www.darazsvin.sk\/hu\/product\/rulandske-sede-2021-polosuche\/","og_locale":"hu_HU","og_type":"article","og_title":"Rulandsk\u00e9 \u0161ed\u00e9 2021 biele polosladk\u00e9 | Vin\u00e1rstvo Dar\u00e1zsvin","og_description":"V\u00edno zlato\u017eltej farby, medovej sladkastej v\u00f4ne s jemn\u00fdm pomaran\u010dom a s n\u00e1dychom chlebovej k\u00f4ry. Zvy\u0161kov\u00fd cukor a jemn\u00e9 kyseliny mu dod\u00e1vaj\u00fa sladkast\u00fa, ovocno-korenist\u00fa dochu\u0165. Ro\u010dn\u00edk: 2021 Farba v\u00edna: biel\u00e1 Cukornatos\u0165:&hellip;","og_url":"https:\/\/www.darazsvin.sk\/hu\/product\/rulandske-sede-2021-polosuche\/","og_site_name":"Vin\u00e1rstvo Dar\u00e1zsvin","article_modified_time":"2024-03-24T17:05:15+00:00","og_image":[{"width":465,"height":761,"url":"https:\/\/www.darazsvin.sk\/wp-content\/uploads\/2022\/04\/Rulandsk\u00e9-\u0160ed\u00e9-2021.png","type":"image\/png"}],"twitter_card":"summary_large_image","schema":{"@context":"https:\/\/schema.org","@graph":[{"@type":"WebPage","@id":"https:\/\/www.darazsvin.sk\/product\/rulandske-sede-2021-polosuche\/","url":"https:\/\/www.darazsvin.sk\/product\/rulandske-sede-2021-polosuche\/","name":"Rulandsk\u00e9 \u0161ed\u00e9 2021 biele polosladk\u00e9 | Vin\u00e1rstvo Dar\u00e1zsvin","isPartOf":{"@id":"https:\/\/www.darazsvin.sk\/#website"},"datePublished":"2022-04-06T09:31:18+00:00","dateModified":"2024-03-24T17:05:15+00:00","breadcrumb":{"@id":"https:\/\/www.darazsvin.sk\/product\/rulandske-sede-2021-polosuche\/#breadcrumb"},"inLanguage":"hu","potentialAction":[{"@type":"ReadAction","target":["https:\/\/www.darazsvin.sk\/product\/rulandske-sede-2021-polosuche\/"]}]},{"@type":"BreadcrumbList","@id":"https:\/\/www.darazsvin.sk\/product\/rulandske-sede-2021-polosuche\/#breadcrumb","itemListElement":[{"@type":"ListItem","position":1,"name":"Home","item":"https:\/\/www.darazsvin.sk\/"},{"@type":"ListItem","position":2,"name":"V\u00edno","item":"https:\/\/www.darazsvin.sk\/vino\/"},{"@type":"ListItem","position":3,"name":"Rulandsk\u00e9 \u0161ed\u00e9 2021 biele polosladk\u00e9"}]},{"@type":"WebSite","@id":"https:\/\/www.darazsvin.sk\/#website","url":"https:\/\/www.darazsvin.sk\/","name":"Vin\u00e1rstvo Dar\u00e1zsvin","description":"Rodinn\u00e9 vin\u00e1rstvo s l\u00e1skou k v\u00ednu","publisher":{"@id":"https:\/\/www.darazsvin.sk\/#organization"},"potentialAction":[{"@type":"SearchAction","target":{"@type":"EntryPoint","urlTemplate":"https:\/\/www.darazsvin.sk\/?s={search_term_string}"},"query-input":"required name=search_term_string"}],"inLanguage":"hu"},{"@type":"Organization","@id":"https:\/\/www.darazsvin.sk\/#organization","name":"Vin\u00e1rstvo Dar\u00e1zsvin","url":"https:\/\/www.darazsvin.sk\/","logo":{"@type":"ImageObject","inLanguage":"hu","@id":"https:\/\/www.darazsvin.sk\/#\/schema\/logo\/image\/","url":"https:\/\/www.darazsvin.sk\/wp-content\/uploads\/2023\/05\/darazsvin-vinarstvo-logo-home.png","contentUrl":"https:\/\/www.darazsvin.sk\/wp-content\/uploads\/2023\/05\/darazsvin-vinarstvo-logo-home.png","width":400,"height":180,"caption":"Vin\u00e1rstvo Dar\u00e1zsvin"},"image":{"@id":"https:\/\/www.darazsvin.sk\/#\/schema\/logo\/image\/"}}]}},"_links":{"self":[{"href":"https:\/\/www.darazsvin.sk\/hu\/wp-json\/wp\/v3\/product\/954"}],"collection":[{"href":"https:\/\/www.darazsvin.sk\/hu\/wp-json\/wp\/v3\/product"}],"about":[{"href":"https:\/\/www.darazsvin.sk\/hu\/wp-json\/wp\/v2\/types\/product"}],"replies":[{"embeddable":true,"href":"https:\/\/www.darazsvin.sk\/hu\/wp-json\/wp\/v2\/comments?post=954"}],"wp:featuredmedia":[{"embeddable":true,"href":"https:\/\/www.darazsvin.sk\/hu\/wp-json\/wp\/v2\/media\/955"}],"wp:attachment":[{"href":"https:\/\/www.darazsvin.sk\/hu\/wp-json\/wp\/v2\/media?parent=954"}],"wp:term":[{"taxonomy":"product_cat","embeddable":true,"href":"https:\/\/www.darazsvin.sk\/hu\/wp-json\/wp\/v2\/product_cat?post=954"},{"taxonomy":"product_tag","embeddable":true,"href":"https:\/\/www.darazsvin.sk\/hu\/wp-json\/wp\/v2\/product_tag?post=954"}],"curies":[{"name":"wp","href":"https:\/\/api.w.org\/{rel}","templated":true}]}}