{"id":846,"date":"2021-02-22T12:03:15","date_gmt":"2021-02-22T11:03:15","guid":{"rendered":"https:\/\/www.darazsvin.sk\/?post_type=product&#038;p=846"},"modified":"2024-08-02T01:47:02","modified_gmt":"2024-08-01T23:47:02","slug":"leanyka-2020-suche-biele","status":"publish","type":"product","link":"https:\/\/www.darazsvin.sk\/hu\/product\/leanyka-2020-szaraz-feherbor\/","title":{"rendered":"Le\u00e1nyka 2022 f\u00e9lsz\u00e1raz feh\u00e9rbor"},"content":{"rendered":"<p class=\"p1\">Toto iskriv\u00e9 biele v\u00edno svetlo\u017eltej farby, p\u00f4vodn\u00fdm n\u00e1zvom<br \/>\nKir\u00e1lyle\u00e1nyka (kr\u00e1\u013eovsk\u00e9 diev\u010da) je ve\u013emi zvl\u00e1\u0161tne. Jeho<br \/>\nintenz\u00edvnu chu\u0165 podporuj\u00fa odrodov\u00e9 ovocno-kvetinov\u00e9 t\u00f3ny<br \/>\nv\u00f4ne, a svie\u017ee kyseliny.<\/p>\n<p class=\"p1\"><b>Ro\u010dn\u00edk<\/b>: 2022<br \/>\n<b>Farba v\u00edna<\/b>: biela<br \/>\n<b>Cukornatos\u0165<\/b>: polosuch\u00e9<br \/>\n<b>Alkohol<\/b>: 11,10 obj. %<br \/>\n<strong>Celkov\u00e9 kyseliny<\/strong>: 6,2 g\/l<br \/>\n<strong>Zvy\u0161kov\u00fd cukor<\/strong>: 12,5 g\/l<br \/>\n<strong>P\u00f4vod hrozna<\/strong>: Ma\u010farsko<br \/>\n<strong>D\u00e1tum plnenia<\/strong>: 02\/2023<\/p>\n<p>Obsahuje siri\u010ditany.<\/p>","protected":false},"excerpt":{"rendered":"<p>Toto iskriv\u00e9 biele v\u00edno svetlo\u017eltej farby, p\u00f4vodn\u00fdm n\u00e1zvom Kir\u00e1lyle\u00e1nyka (kr\u00e1\u013eovsk\u00e9 diev\u010da) je ve\u013emi zvl\u00e1\u0161tne. Jeho intenz\u00edvnu chu\u0165 podporuj\u00fa odrodov\u00e9 ovocno-kvetinov\u00e9 t\u00f3ny v\u00f4ne, a svie\u017ee kyseliny. Ro\u010dn\u00edk: 2022 Farba v\u00edna: biela&hellip;<\/p>","protected":false},"featured_media":1060,"comment_status":"open","ping_status":"closed","template":"","meta":[],"product_cat":[41,17],"product_tag":[],"yoast_head":"<!-- This site is optimized with the Yoast SEO plugin v20.6 - https:\/\/yoast.com\/wordpress\/plugins\/seo\/ -->\n<title>Le\u00e1nyka 2022 polosuch\u00e9 biele | Vin\u00e1rstvo Dar\u00e1zsvin<\/title>\n<meta name=\"robots\" content=\"index, follow, max-snippet:-1, max-image-preview:large, max-video-preview:-1\" \/>\n<link rel=\"canonical\" href=\"https:\/\/www.darazsvin.sk\/hu\/product\/leanyka-2020-szaraz-feherbor\/\" \/>\n<meta property=\"og:locale\" content=\"hu_HU\" \/>\n<meta property=\"og:type\" content=\"article\" \/>\n<meta property=\"og:title\" content=\"Le\u00e1nyka 2022 polosuch\u00e9 biele | Vin\u00e1rstvo Dar\u00e1zsvin\" \/>\n<meta property=\"og:description\" content=\"Toto iskriv\u00e9 biele v\u00edno svetlo\u017eltej farby, p\u00f4vodn\u00fdm n\u00e1zvom Kir\u00e1lyle\u00e1nyka (kr\u00e1\u013eovsk\u00e9 diev\u010da) je ve\u013emi zvl\u00e1\u0161tne. Jeho intenz\u00edvnu chu\u0165 podporuj\u00fa odrodov\u00e9 ovocno-kvetinov\u00e9 t\u00f3ny v\u00f4ne, a svie\u017ee kyseliny. Ro\u010dn\u00edk: 2022 Farba v\u00edna: biela&hellip;\" \/>\n<meta property=\"og:url\" content=\"https:\/\/www.darazsvin.sk\/hu\/product\/leanyka-2020-szaraz-feherbor\/\" \/>\n<meta property=\"og:site_name\" content=\"Vin\u00e1rstvo Dar\u00e1zsvin\" \/>\n<meta property=\"article:modified_time\" content=\"2024-08-01T23:47:02+00:00\" \/>\n<meta property=\"og:image\" content=\"https:\/\/www.darazsvin.sk\/wp-content\/uploads\/2021\/02\/Le\u00e1nyka-2022.png\" \/>\n\t<meta property=\"og:image:width\" content=\"465\" \/>\n\t<meta property=\"og:image:height\" content=\"762\" \/>\n\t<meta property=\"og:image:type\" content=\"image\/png\" \/>\n<meta name=\"twitter:card\" content=\"summary_large_image\" \/>\n<script type=\"application\/ld+json\" class=\"yoast-schema-graph\">{\"@context\":\"https:\/\/schema.org\",\"@graph\":[{\"@type\":\"WebPage\",\"@id\":\"https:\/\/www.darazsvin.sk\/product\/leanyka-2020-suche-biele\/\",\"url\":\"https:\/\/www.darazsvin.sk\/product\/leanyka-2020-suche-biele\/\",\"name\":\"Le\u00e1nyka 2022 polosuch\u00e9 biele | Vin\u00e1rstvo Dar\u00e1zsvin\",\"isPartOf\":{\"@id\":\"https:\/\/www.darazsvin.sk\/#website\"},\"datePublished\":\"2021-02-22T11:03:15+00:00\",\"dateModified\":\"2024-08-01T23:47:02+00:00\",\"breadcrumb\":{\"@id\":\"https:\/\/www.darazsvin.sk\/product\/leanyka-2020-suche-biele\/#breadcrumb\"},\"inLanguage\":\"hu\",\"potentialAction\":[{\"@type\":\"ReadAction\",\"target\":[\"https:\/\/www.darazsvin.sk\/product\/leanyka-2020-suche-biele\/\"]}]},{\"@type\":\"BreadcrumbList\",\"@id\":\"https:\/\/www.darazsvin.sk\/product\/leanyka-2020-suche-biele\/#breadcrumb\",\"itemListElement\":[{\"@type\":\"ListItem\",\"position\":1,\"name\":\"Home\",\"item\":\"https:\/\/www.darazsvin.sk\/\"},{\"@type\":\"ListItem\",\"position\":2,\"name\":\"V\u00edno\",\"item\":\"https:\/\/www.darazsvin.sk\/vino\/\"},{\"@type\":\"ListItem\",\"position\":3,\"name\":\"Le\u00e1nyka 2022 polosuch\u00e9 biele\"}]},{\"@type\":\"WebSite\",\"@id\":\"https:\/\/www.darazsvin.sk\/#website\",\"url\":\"https:\/\/www.darazsvin.sk\/\",\"name\":\"Vin\u00e1rstvo Dar\u00e1zsvin\",\"description\":\"Rodinn\u00e9 vin\u00e1rstvo s l\u00e1skou k v\u00ednu\",\"publisher\":{\"@id\":\"https:\/\/www.darazsvin.sk\/#organization\"},\"potentialAction\":[{\"@type\":\"SearchAction\",\"target\":{\"@type\":\"EntryPoint\",\"urlTemplate\":\"https:\/\/www.darazsvin.sk\/?s={search_term_string}\"},\"query-input\":\"required name=search_term_string\"}],\"inLanguage\":\"hu\"},{\"@type\":\"Organization\",\"@id\":\"https:\/\/www.darazsvin.sk\/#organization\",\"name\":\"Vin\u00e1rstvo Dar\u00e1zsvin\",\"url\":\"https:\/\/www.darazsvin.sk\/\",\"logo\":{\"@type\":\"ImageObject\",\"inLanguage\":\"hu\",\"@id\":\"https:\/\/www.darazsvin.sk\/#\/schema\/logo\/image\/\",\"url\":\"https:\/\/www.darazsvin.sk\/wp-content\/uploads\/2023\/05\/darazsvin-vinarstvo-logo-home.png\",\"contentUrl\":\"https:\/\/www.darazsvin.sk\/wp-content\/uploads\/2023\/05\/darazsvin-vinarstvo-logo-home.png\",\"width\":400,\"height\":180,\"caption\":\"Vin\u00e1rstvo Dar\u00e1zsvin\"},\"image\":{\"@id\":\"https:\/\/www.darazsvin.sk\/#\/schema\/logo\/image\/\"}}]}<\/script>\n<!-- \/ Yoast SEO plugin. -->","yoast_head_json":{"title":"Le\u00e1nyka 2022 polosuch\u00e9 biele | Vin\u00e1rstvo Dar\u00e1zsvin","robots":{"index":"index","follow":"follow","max-snippet":"max-snippet:-1","max-image-preview":"max-image-preview:large","max-video-preview":"max-video-preview:-1"},"canonical":"https:\/\/www.darazsvin.sk\/hu\/product\/leanyka-2020-szaraz-feherbor\/","og_locale":"hu_HU","og_type":"article","og_title":"Le\u00e1nyka 2022 polosuch\u00e9 biele | Vin\u00e1rstvo Dar\u00e1zsvin","og_description":"Toto iskriv\u00e9 biele v\u00edno svetlo\u017eltej farby, p\u00f4vodn\u00fdm n\u00e1zvom Kir\u00e1lyle\u00e1nyka (kr\u00e1\u013eovsk\u00e9 diev\u010da) je ve\u013emi zvl\u00e1\u0161tne. Jeho intenz\u00edvnu chu\u0165 podporuj\u00fa odrodov\u00e9 ovocno-kvetinov\u00e9 t\u00f3ny v\u00f4ne, a svie\u017ee kyseliny. Ro\u010dn\u00edk: 2022 Farba v\u00edna: biela&hellip;","og_url":"https:\/\/www.darazsvin.sk\/hu\/product\/leanyka-2020-szaraz-feherbor\/","og_site_name":"Vin\u00e1rstvo Dar\u00e1zsvin","article_modified_time":"2024-08-01T23:47:02+00:00","og_image":[{"width":465,"height":762,"url":"https:\/\/www.darazsvin.sk\/wp-content\/uploads\/2021\/02\/Le\u00e1nyka-2022.png","type":"image\/png"}],"twitter_card":"summary_large_image","schema":{"@context":"https:\/\/schema.org","@graph":[{"@type":"WebPage","@id":"https:\/\/www.darazsvin.sk\/product\/leanyka-2020-suche-biele\/","url":"https:\/\/www.darazsvin.sk\/product\/leanyka-2020-suche-biele\/","name":"Le\u00e1nyka 2022 polosuch\u00e9 biele | Vin\u00e1rstvo Dar\u00e1zsvin","isPartOf":{"@id":"https:\/\/www.darazsvin.sk\/#website"},"datePublished":"2021-02-22T11:03:15+00:00","dateModified":"2024-08-01T23:47:02+00:00","breadcrumb":{"@id":"https:\/\/www.darazsvin.sk\/product\/leanyka-2020-suche-biele\/#breadcrumb"},"inLanguage":"hu","potentialAction":[{"@type":"ReadAction","target":["https:\/\/www.darazsvin.sk\/product\/leanyka-2020-suche-biele\/"]}]},{"@type":"BreadcrumbList","@id":"https:\/\/www.darazsvin.sk\/product\/leanyka-2020-suche-biele\/#breadcrumb","itemListElement":[{"@type":"ListItem","position":1,"name":"Home","item":"https:\/\/www.darazsvin.sk\/"},{"@type":"ListItem","position":2,"name":"V\u00edno","item":"https:\/\/www.darazsvin.sk\/vino\/"},{"@type":"ListItem","position":3,"name":"Le\u00e1nyka 2022 polosuch\u00e9 biele"}]},{"@type":"WebSite","@id":"https:\/\/www.darazsvin.sk\/#website","url":"https:\/\/www.darazsvin.sk\/","name":"Vin\u00e1rstvo Dar\u00e1zsvin","description":"Rodinn\u00e9 vin\u00e1rstvo s l\u00e1skou k v\u00ednu","publisher":{"@id":"https:\/\/www.darazsvin.sk\/#organization"},"potentialAction":[{"@type":"SearchAction","target":{"@type":"EntryPoint","urlTemplate":"https:\/\/www.darazsvin.sk\/?s={search_term_string}"},"query-input":"required name=search_term_string"}],"inLanguage":"hu"},{"@type":"Organization","@id":"https:\/\/www.darazsvin.sk\/#organization","name":"Vin\u00e1rstvo Dar\u00e1zsvin","url":"https:\/\/www.darazsvin.sk\/","logo":{"@type":"ImageObject","inLanguage":"hu","@id":"https:\/\/www.darazsvin.sk\/#\/schema\/logo\/image\/","url":"https:\/\/www.darazsvin.sk\/wp-content\/uploads\/2023\/05\/darazsvin-vinarstvo-logo-home.png","contentUrl":"https:\/\/www.darazsvin.sk\/wp-content\/uploads\/2023\/05\/darazsvin-vinarstvo-logo-home.png","width":400,"height":180,"caption":"Vin\u00e1rstvo Dar\u00e1zsvin"},"image":{"@id":"https:\/\/www.darazsvin.sk\/#\/schema\/logo\/image\/"}}]}},"_links":{"self":[{"href":"https:\/\/www.darazsvin.sk\/hu\/wp-json\/wp\/v3\/product\/846"}],"collection":[{"href":"https:\/\/www.darazsvin.sk\/hu\/wp-json\/wp\/v3\/product"}],"about":[{"href":"https:\/\/www.darazsvin.sk\/hu\/wp-json\/wp\/v2\/types\/product"}],"replies":[{"embeddable":true,"href":"https:\/\/www.darazsvin.sk\/hu\/wp-json\/wp\/v2\/comments?post=846"}],"wp:featuredmedia":[{"embeddable":true,"href":"https:\/\/www.darazsvin.sk\/hu\/wp-json\/wp\/v2\/media\/1060"}],"wp:attachment":[{"href":"https:\/\/www.darazsvin.sk\/hu\/wp-json\/wp\/v2\/media?parent=846"}],"wp:term":[{"taxonomy":"product_cat","embeddable":true,"href":"https:\/\/www.darazsvin.sk\/hu\/wp-json\/wp\/v2\/product_cat?post=846"},{"taxonomy":"product_tag","embeddable":true,"href":"https:\/\/www.darazsvin.sk\/hu\/wp-json\/wp\/v2\/product_tag?post=846"}],"curies":[{"name":"wp","href":"https:\/\/api.w.org\/{rel}","templated":true}]}}