{"id":799,"date":"2020-10-24T15:24:21","date_gmt":"2020-10-24T13:24:21","guid":{"rendered":"https:\/\/www.darazsvin.sk\/?post_type=product&#038;p=799"},"modified":"2023-10-25T10:29:37","modified_gmt":"2023-10-25T08:29:37","slug":"zsofi-cuvee-2019-biele-vino-sladke","status":"publish","type":"product","link":"https:\/\/www.darazsvin.sk\/hu\/product\/zsofi-cuvee-2019-feherbor-edes\/","title":{"rendered":"Zs\u00f3fi Cuv\u00e9e 2019 \u00e9des feh\u00e9rbor"},"content":{"rendered":"<p class=\"p1\">Skup\u00e1\u017eovan\u00e9 z dvoch v\u00edn v pomere: Zenit 90%, Irsai 10%<\/p>\n<p class=\"p1\">Toto v\u00fdnimocn\u00e9 biele v\u00edno je extra sladk\u00e9, zeleno\u017eltej iskrivej farby, ktor\u00e9 uchv\u00e1ti ka\u017ed\u00e9ho. Vo v\u00f4ni sa objavuj\u00fa anan\u00e1sovo-citrusov\u00e9 a z\u00e1roven aj kvetov\u00e9 a medov\u00e9 t\u00f3ny. Jeho omamn\u00fa dlhodoznievaj\u00facu sladk\u00fa chut zaokr\u00fahluj\u00fa a vyva\u017euj\u00fa svie\u017ee kyseliny.<\/p>\n<p class=\"p1\"><b>Ro\u010dn\u00edk<\/b>: 2019<br \/>\n<b>Farba v\u00edna<\/b>: biela<br \/>\n<b>Cukornatos\u0165<\/b>: sladk\u00e9<br \/>\n<b>Alkohol<\/b>: 12,5 obj. %<br \/>\n<b>Cukornatos\u0165 pri zbere<\/b>: 25,0\u00b0NM<br \/>\n<b>Celkov\u00e9 kyseliny<\/b>: 6,3 g\/l<br \/>\n<b>Zvy\u0161kov\u00fd cukor<\/b>: 50 g\/l<br \/>\n<b>Vinohradn\u00edcka oblas\u0165<\/b>: Ma\u010farsko<br \/>\n<b>D\u00e1tum zberu<\/b>: 4.9.2019<\/p>","protected":false},"excerpt":{"rendered":"<p>Skup\u00e1\u017eovan\u00e9 z dvoch v\u00edn v pomere: Zenit 90%, Irsai 10% Toto v\u00fdnimocn\u00e9 biele v\u00edno je extra sladk\u00e9, zeleno\u017eltej iskrivej farby, ktor\u00e9 uchv\u00e1ti ka\u017ed\u00e9ho. Vo v\u00f4ni sa objavuj\u00fa anan\u00e1sovo-citrusov\u00e9 a z\u00e1roven&hellip;<\/p>","protected":false},"featured_media":800,"comment_status":"open","ping_status":"closed","template":"","meta":[],"product_cat":[37,17],"product_tag":[],"yoast_head":"<!-- This site is optimized with the Yoast SEO plugin v20.6 - https:\/\/yoast.com\/wordpress\/plugins\/seo\/ -->\n<title>ZS\u00d3FI Cuv\u00e9e 2019 biele v\u00edno sladk\u00e9 | Vin\u00e1rstvo Dar\u00e1zsvin<\/title>\n<meta name=\"robots\" content=\"index, follow, max-snippet:-1, max-image-preview:large, max-video-preview:-1\" \/>\n<link rel=\"canonical\" href=\"https:\/\/www.darazsvin.sk\/hu\/product\/zsofi-cuvee-2019-feherbor-edes\/\" \/>\n<meta property=\"og:locale\" content=\"hu_HU\" \/>\n<meta property=\"og:type\" content=\"article\" \/>\n<meta property=\"og:title\" content=\"ZS\u00d3FI Cuv\u00e9e 2019 biele v\u00edno sladk\u00e9 | Vin\u00e1rstvo Dar\u00e1zsvin\" \/>\n<meta property=\"og:description\" content=\"Skup\u00e1\u017eovan\u00e9 z dvoch v\u00edn v pomere: Zenit 90%, Irsai 10% Toto v\u00fdnimocn\u00e9 biele v\u00edno je extra sladk\u00e9, zeleno\u017eltej iskrivej farby, ktor\u00e9 uchv\u00e1ti ka\u017ed\u00e9ho. Vo v\u00f4ni sa objavuj\u00fa anan\u00e1sovo-citrusov\u00e9 a z\u00e1roven&hellip;\" \/>\n<meta property=\"og:url\" content=\"https:\/\/www.darazsvin.sk\/hu\/product\/zsofi-cuvee-2019-feherbor-edes\/\" \/>\n<meta property=\"og:site_name\" content=\"Vin\u00e1rstvo Dar\u00e1zsvin\" \/>\n<meta property=\"article:modified_time\" content=\"2023-10-25T08:29:37+00:00\" \/>\n<meta property=\"og:image\" content=\"https:\/\/www.darazsvin.sk\/wp-content\/uploads\/2020\/10\/zsofi-cuvee.png\" \/>\n\t<meta property=\"og:image:width\" content=\"465\" \/>\n\t<meta property=\"og:image:height\" content=\"762\" \/>\n\t<meta property=\"og:image:type\" content=\"image\/png\" \/>\n<meta name=\"twitter:card\" content=\"summary_large_image\" \/>\n<meta name=\"twitter:label1\" content=\"Becs\u00fclt olvas\u00e1si id\u0151\" \/>\n\t<meta name=\"twitter:data1\" content=\"1 perc\" \/>\n<script type=\"application\/ld+json\" class=\"yoast-schema-graph\">{\"@context\":\"https:\/\/schema.org\",\"@graph\":[{\"@type\":\"WebPage\",\"@id\":\"https:\/\/www.darazsvin.sk\/product\/zsofi-cuvee-2019-biele-vino-sladke\/\",\"url\":\"https:\/\/www.darazsvin.sk\/product\/zsofi-cuvee-2019-biele-vino-sladke\/\",\"name\":\"ZS\u00d3FI Cuv\u00e9e 2019 biele v\u00edno sladk\u00e9 | Vin\u00e1rstvo Dar\u00e1zsvin\",\"isPartOf\":{\"@id\":\"https:\/\/www.darazsvin.sk\/#website\"},\"datePublished\":\"2020-10-24T13:24:21+00:00\",\"dateModified\":\"2023-10-25T08:29:37+00:00\",\"breadcrumb\":{\"@id\":\"https:\/\/www.darazsvin.sk\/product\/zsofi-cuvee-2019-biele-vino-sladke\/#breadcrumb\"},\"inLanguage\":\"hu\",\"potentialAction\":[{\"@type\":\"ReadAction\",\"target\":[\"https:\/\/www.darazsvin.sk\/product\/zsofi-cuvee-2019-biele-vino-sladke\/\"]}]},{\"@type\":\"BreadcrumbList\",\"@id\":\"https:\/\/www.darazsvin.sk\/product\/zsofi-cuvee-2019-biele-vino-sladke\/#breadcrumb\",\"itemListElement\":[{\"@type\":\"ListItem\",\"position\":1,\"name\":\"Home\",\"item\":\"https:\/\/www.darazsvin.sk\/\"},{\"@type\":\"ListItem\",\"position\":2,\"name\":\"V\u00edno\",\"item\":\"https:\/\/www.darazsvin.sk\/vino\/\"},{\"@type\":\"ListItem\",\"position\":3,\"name\":\"ZS\u00d3FI Cuv\u00e9e 2019 biele v\u00edno sladk\u00e9\"}]},{\"@type\":\"WebSite\",\"@id\":\"https:\/\/www.darazsvin.sk\/#website\",\"url\":\"https:\/\/www.darazsvin.sk\/\",\"name\":\"Vin\u00e1rstvo Dar\u00e1zsvin\",\"description\":\"Rodinn\u00e9 vin\u00e1rstvo s l\u00e1skou k v\u00ednu\",\"publisher\":{\"@id\":\"https:\/\/www.darazsvin.sk\/#organization\"},\"potentialAction\":[{\"@type\":\"SearchAction\",\"target\":{\"@type\":\"EntryPoint\",\"urlTemplate\":\"https:\/\/www.darazsvin.sk\/?s={search_term_string}\"},\"query-input\":\"required name=search_term_string\"}],\"inLanguage\":\"hu\"},{\"@type\":\"Organization\",\"@id\":\"https:\/\/www.darazsvin.sk\/#organization\",\"name\":\"Vin\u00e1rstvo Dar\u00e1zsvin\",\"url\":\"https:\/\/www.darazsvin.sk\/\",\"logo\":{\"@type\":\"ImageObject\",\"inLanguage\":\"hu\",\"@id\":\"https:\/\/www.darazsvin.sk\/#\/schema\/logo\/image\/\",\"url\":\"https:\/\/www.darazsvin.sk\/wp-content\/uploads\/2023\/05\/darazsvin-vinarstvo-logo-home.png\",\"contentUrl\":\"https:\/\/www.darazsvin.sk\/wp-content\/uploads\/2023\/05\/darazsvin-vinarstvo-logo-home.png\",\"width\":400,\"height\":180,\"caption\":\"Vin\u00e1rstvo Dar\u00e1zsvin\"},\"image\":{\"@id\":\"https:\/\/www.darazsvin.sk\/#\/schema\/logo\/image\/\"}}]}<\/script>\n<!-- \/ Yoast SEO plugin. -->","yoast_head_json":{"title":"ZS\u00d3FI Cuv\u00e9e 2019 biele v\u00edno sladk\u00e9 | Vin\u00e1rstvo Dar\u00e1zsvin","robots":{"index":"index","follow":"follow","max-snippet":"max-snippet:-1","max-image-preview":"max-image-preview:large","max-video-preview":"max-video-preview:-1"},"canonical":"https:\/\/www.darazsvin.sk\/hu\/product\/zsofi-cuvee-2019-feherbor-edes\/","og_locale":"hu_HU","og_type":"article","og_title":"ZS\u00d3FI Cuv\u00e9e 2019 biele v\u00edno sladk\u00e9 | Vin\u00e1rstvo Dar\u00e1zsvin","og_description":"Skup\u00e1\u017eovan\u00e9 z dvoch v\u00edn v pomere: Zenit 90%, Irsai 10% Toto v\u00fdnimocn\u00e9 biele v\u00edno je extra sladk\u00e9, zeleno\u017eltej iskrivej farby, ktor\u00e9 uchv\u00e1ti ka\u017ed\u00e9ho. Vo v\u00f4ni sa objavuj\u00fa anan\u00e1sovo-citrusov\u00e9 a z\u00e1roven&hellip;","og_url":"https:\/\/www.darazsvin.sk\/hu\/product\/zsofi-cuvee-2019-feherbor-edes\/","og_site_name":"Vin\u00e1rstvo Dar\u00e1zsvin","article_modified_time":"2023-10-25T08:29:37+00:00","og_image":[{"width":465,"height":762,"url":"https:\/\/www.darazsvin.sk\/wp-content\/uploads\/2020\/10\/zsofi-cuvee.png","type":"image\/png"}],"twitter_card":"summary_large_image","twitter_misc":{"Becs\u00fclt olvas\u00e1si id\u0151":"1 perc"},"schema":{"@context":"https:\/\/schema.org","@graph":[{"@type":"WebPage","@id":"https:\/\/www.darazsvin.sk\/product\/zsofi-cuvee-2019-biele-vino-sladke\/","url":"https:\/\/www.darazsvin.sk\/product\/zsofi-cuvee-2019-biele-vino-sladke\/","name":"ZS\u00d3FI Cuv\u00e9e 2019 biele v\u00edno sladk\u00e9 | Vin\u00e1rstvo Dar\u00e1zsvin","isPartOf":{"@id":"https:\/\/www.darazsvin.sk\/#website"},"datePublished":"2020-10-24T13:24:21+00:00","dateModified":"2023-10-25T08:29:37+00:00","breadcrumb":{"@id":"https:\/\/www.darazsvin.sk\/product\/zsofi-cuvee-2019-biele-vino-sladke\/#breadcrumb"},"inLanguage":"hu","potentialAction":[{"@type":"ReadAction","target":["https:\/\/www.darazsvin.sk\/product\/zsofi-cuvee-2019-biele-vino-sladke\/"]}]},{"@type":"BreadcrumbList","@id":"https:\/\/www.darazsvin.sk\/product\/zsofi-cuvee-2019-biele-vino-sladke\/#breadcrumb","itemListElement":[{"@type":"ListItem","position":1,"name":"Home","item":"https:\/\/www.darazsvin.sk\/"},{"@type":"ListItem","position":2,"name":"V\u00edno","item":"https:\/\/www.darazsvin.sk\/vino\/"},{"@type":"ListItem","position":3,"name":"ZS\u00d3FI Cuv\u00e9e 2019 biele v\u00edno sladk\u00e9"}]},{"@type":"WebSite","@id":"https:\/\/www.darazsvin.sk\/#website","url":"https:\/\/www.darazsvin.sk\/","name":"Vin\u00e1rstvo Dar\u00e1zsvin","description":"Rodinn\u00e9 vin\u00e1rstvo s l\u00e1skou k v\u00ednu","publisher":{"@id":"https:\/\/www.darazsvin.sk\/#organization"},"potentialAction":[{"@type":"SearchAction","target":{"@type":"EntryPoint","urlTemplate":"https:\/\/www.darazsvin.sk\/?s={search_term_string}"},"query-input":"required name=search_term_string"}],"inLanguage":"hu"},{"@type":"Organization","@id":"https:\/\/www.darazsvin.sk\/#organization","name":"Vin\u00e1rstvo Dar\u00e1zsvin","url":"https:\/\/www.darazsvin.sk\/","logo":{"@type":"ImageObject","inLanguage":"hu","@id":"https:\/\/www.darazsvin.sk\/#\/schema\/logo\/image\/","url":"https:\/\/www.darazsvin.sk\/wp-content\/uploads\/2023\/05\/darazsvin-vinarstvo-logo-home.png","contentUrl":"https:\/\/www.darazsvin.sk\/wp-content\/uploads\/2023\/05\/darazsvin-vinarstvo-logo-home.png","width":400,"height":180,"caption":"Vin\u00e1rstvo Dar\u00e1zsvin"},"image":{"@id":"https:\/\/www.darazsvin.sk\/#\/schema\/logo\/image\/"}}]}},"_links":{"self":[{"href":"https:\/\/www.darazsvin.sk\/hu\/wp-json\/wp\/v3\/product\/799"}],"collection":[{"href":"https:\/\/www.darazsvin.sk\/hu\/wp-json\/wp\/v3\/product"}],"about":[{"href":"https:\/\/www.darazsvin.sk\/hu\/wp-json\/wp\/v2\/types\/product"}],"replies":[{"embeddable":true,"href":"https:\/\/www.darazsvin.sk\/hu\/wp-json\/wp\/v2\/comments?post=799"}],"wp:featuredmedia":[{"embeddable":true,"href":"https:\/\/www.darazsvin.sk\/hu\/wp-json\/wp\/v2\/media\/800"}],"wp:attachment":[{"href":"https:\/\/www.darazsvin.sk\/hu\/wp-json\/wp\/v2\/media?parent=799"}],"wp:term":[{"taxonomy":"product_cat","embeddable":true,"href":"https:\/\/www.darazsvin.sk\/hu\/wp-json\/wp\/v2\/product_cat?post=799"},{"taxonomy":"product_tag","embeddable":true,"href":"https:\/\/www.darazsvin.sk\/hu\/wp-json\/wp\/v2\/product_tag?post=799"}],"curies":[{"name":"wp","href":"https:\/\/api.w.org\/{rel}","templated":true}]}}