{"id":686,"date":"2020-04-13T14:06:46","date_gmt":"2020-04-13T12:06:46","guid":{"rendered":"https:\/\/www.darazsvin.sk\/?post_type=product&#038;p=686"},"modified":"2025-09-22T17:46:00","modified_gmt":"2025-09-22T15:46:00","slug":"rulandske-sede-biele-suche-vino-2018","status":"publish","type":"product","link":"https:\/\/www.darazsvin.sk\/hu\/product\/rulandske-sede-biele-suche-vino-2018\/","title":{"rendered":"Rulandsk\u00e9 \u0161ed\u00e9, biele such\u00e9 v\u00edno, 2018"},"content":{"rendered":"<p class=\"p1\">V\u00edno zlato\u017eltej farby, medovej sladkastej v\u00f4ne s jemn\u00fdm pomaran\u010dom a s n\u00e1dychom chlebovej k\u00f4ry. Vy\u0161\u0161\u00ed obsah glycer\u00edn a jemn\u00e9 kyseliny mu dod\u00e1vaj\u00fa sladkast\u00fa, ovocno-korenist\u00fa dochu\u0165.<\/p>\n<p class=\"p1\"><b>Ro\u010dn\u00edk<\/b>: 2018<br \/>\n<b>Farba v\u00edna<\/b>: biela<br \/>\n<b>Cukornatos\u0165<\/b>: such\u00e9<br \/>\n<b>Alkohol<\/b>: 13,5 obj. %<br \/>\n<strong>Celkov\u00e9 kyseliny<\/strong>: 4,5 g\/l<br \/>\n<strong>Zvy\u0161kov\u00fd cukor<\/strong>: 2,7 g\/l<br \/>\n<strong>P\u00f4vod hrozna<\/strong>: SK &#8211; Mu\u017ela<br \/>\n<strong>D\u00e1tum plnenia<\/strong>: 06\/2019<\/p>\n<p>Obsahuje siri\u010ditany.<\/p>","protected":false},"excerpt":{"rendered":"<p class=\"p1\">V\u00edno zlato\u017eltej farby, medovej sladkastej v\u00f4ne s jemn\u00fdm pomaran\u010dom a s n\u00e1dychom chlebovej k\u00f4ry. Vy\u0161\u0161\u00ed obsah glycer\u00edn a jemn\u00e9 kyseliny mu dod\u00e1vaj\u00fa sladkast\u00fa, ovocno-korenist\u00fa dochu\u0165.<\/p>\n<p class=\"p1\"><b>Ro\u010dn\u00edk<\/b>: 2018<br \/>\n<b>Farba v\u00edna<\/b>: biela<br \/>\n<b>Cukornatos\u0165<\/b>: such\u00e9<br \/>\n<b>Alkohol<\/b>: 13,5 obj. %<br \/>\n<strong>Celkov\u00e9 kyseliny<\/strong>: 4,5 g\/l<br \/>\n<strong>Zvy\u0161kov\u00fd cukor<\/strong>: 2,7 g\/l<br \/>\n<strong>P\u00f4vod hrozna<\/strong>: SK &#8211; Mu\u017ela<br \/>\n<strong>D\u00e1tum plnenia<\/strong>: 06\/2019<\/p>","protected":false},"featured_media":709,"comment_status":"open","ping_status":"closed","template":"","meta":[],"product_cat":[40,17],"product_tag":[],"yoast_head":"<!-- This site is optimized with the Yoast SEO plugin v20.6 - https:\/\/yoast.com\/wordpress\/plugins\/seo\/ -->\n<title>Rulandsk\u00e9 \u0161ed\u00e9, biele such\u00e9 v\u00edno, 2018 | Vin\u00e1rstvo Dar\u00e1zsvin<\/title>\n<meta name=\"description\" content=\"Iskriv\u00e9 biele v\u00edno svetlo\u017eltej farby. Pln\u00fa chu\u0165 podporuj\u00fa odrodov\u00e9 ovocno-kvetinov\u00e9 t\u00f3ny v\u00f4ne a svie\u017ee kyseliny \u2013 Vin\u00e1rstvo Dar\u00e1zsvin\" \/>\n<meta name=\"robots\" content=\"index, follow, max-snippet:-1, max-image-preview:large, max-video-preview:-1\" \/>\n<link rel=\"canonical\" href=\"https:\/\/www.darazsvin.sk\/hu\/product\/rulandske-sede-biele-suche-vino-2018\/\" \/>\n<meta property=\"og:locale\" content=\"hu_HU\" \/>\n<meta property=\"og:type\" content=\"article\" \/>\n<meta property=\"og:title\" content=\"Rulandsk\u00e9 \u0161ed\u00e9, biele such\u00e9 v\u00edno, 2018 | Vin\u00e1rstvo Dar\u00e1zsvin\" \/>\n<meta property=\"og:description\" content=\"Iskriv\u00e9 biele v\u00edno svetlo\u017eltej farby. Pln\u00fa chu\u0165 podporuj\u00fa odrodov\u00e9 ovocno-kvetinov\u00e9 t\u00f3ny v\u00f4ne a svie\u017ee kyseliny \u2013 Vin\u00e1rstvo Dar\u00e1zsvin\" \/>\n<meta property=\"og:url\" content=\"https:\/\/www.darazsvin.sk\/hu\/product\/rulandske-sede-biele-suche-vino-2018\/\" \/>\n<meta property=\"og:site_name\" content=\"Vin\u00e1rstvo Dar\u00e1zsvin\" \/>\n<meta property=\"article:modified_time\" content=\"2025-09-22T15:46:00+00:00\" \/>\n<meta property=\"og:image\" content=\"https:\/\/www.darazsvin.sk\/wp-content\/uploads\/2020\/04\/rulandskesede.png\" \/>\n\t<meta property=\"og:image:width\" content=\"465\" \/>\n\t<meta property=\"og:image:height\" content=\"762\" \/>\n\t<meta property=\"og:image:type\" content=\"image\/png\" \/>\n<meta name=\"twitter:card\" content=\"summary_large_image\" \/>\n<meta name=\"twitter:label1\" content=\"Becs\u00fclt olvas\u00e1si id\u0151\" \/>\n\t<meta name=\"twitter:data1\" content=\"1 perc\" \/>\n<script type=\"application\/ld+json\" class=\"yoast-schema-graph\">{\"@context\":\"https:\/\/schema.org\",\"@graph\":[{\"@type\":\"WebPage\",\"@id\":\"https:\/\/www.darazsvin.sk\/product\/rulandske-sede-biele-suche-vino-2018\/\",\"url\":\"https:\/\/www.darazsvin.sk\/product\/rulandske-sede-biele-suche-vino-2018\/\",\"name\":\"Rulandsk\u00e9 \u0161ed\u00e9, biele such\u00e9 v\u00edno, 2018 | Vin\u00e1rstvo Dar\u00e1zsvin\",\"isPartOf\":{\"@id\":\"https:\/\/www.darazsvin.sk\/#website\"},\"datePublished\":\"2020-04-13T12:06:46+00:00\",\"dateModified\":\"2025-09-22T15:46:00+00:00\",\"description\":\"Iskriv\u00e9 biele v\u00edno svetlo\u017eltej farby. Pln\u00fa chu\u0165 podporuj\u00fa odrodov\u00e9 ovocno-kvetinov\u00e9 t\u00f3ny v\u00f4ne a svie\u017ee kyseliny \u2013 Vin\u00e1rstvo Dar\u00e1zsvin\",\"breadcrumb\":{\"@id\":\"https:\/\/www.darazsvin.sk\/product\/rulandske-sede-biele-suche-vino-2018\/#breadcrumb\"},\"inLanguage\":\"hu\",\"potentialAction\":[{\"@type\":\"ReadAction\",\"target\":[\"https:\/\/www.darazsvin.sk\/product\/rulandske-sede-biele-suche-vino-2018\/\"]}]},{\"@type\":\"BreadcrumbList\",\"@id\":\"https:\/\/www.darazsvin.sk\/product\/rulandske-sede-biele-suche-vino-2018\/#breadcrumb\",\"itemListElement\":[{\"@type\":\"ListItem\",\"position\":1,\"name\":\"Home\",\"item\":\"https:\/\/www.darazsvin.sk\/\"},{\"@type\":\"ListItem\",\"position\":2,\"name\":\"V\u00edno\",\"item\":\"https:\/\/www.darazsvin.sk\/vino\/\"},{\"@type\":\"ListItem\",\"position\":3,\"name\":\"Rulandsk\u00e9 \u0161ed\u00e9, biele such\u00e9 v\u00edno, 2018\"}]},{\"@type\":\"WebSite\",\"@id\":\"https:\/\/www.darazsvin.sk\/#website\",\"url\":\"https:\/\/www.darazsvin.sk\/\",\"name\":\"Vin\u00e1rstvo Dar\u00e1zsvin\",\"description\":\"Rodinn\u00e9 vin\u00e1rstvo s l\u00e1skou k v\u00ednu\",\"publisher\":{\"@id\":\"https:\/\/www.darazsvin.sk\/#organization\"},\"potentialAction\":[{\"@type\":\"SearchAction\",\"target\":{\"@type\":\"EntryPoint\",\"urlTemplate\":\"https:\/\/www.darazsvin.sk\/?s={search_term_string}\"},\"query-input\":\"required name=search_term_string\"}],\"inLanguage\":\"hu\"},{\"@type\":\"Organization\",\"@id\":\"https:\/\/www.darazsvin.sk\/#organization\",\"name\":\"Vin\u00e1rstvo Dar\u00e1zsvin\",\"url\":\"https:\/\/www.darazsvin.sk\/\",\"logo\":{\"@type\":\"ImageObject\",\"inLanguage\":\"hu\",\"@id\":\"https:\/\/www.darazsvin.sk\/#\/schema\/logo\/image\/\",\"url\":\"https:\/\/www.darazsvin.sk\/wp-content\/uploads\/2023\/05\/darazsvin-vinarstvo-logo-home.png\",\"contentUrl\":\"https:\/\/www.darazsvin.sk\/wp-content\/uploads\/2023\/05\/darazsvin-vinarstvo-logo-home.png\",\"width\":400,\"height\":180,\"caption\":\"Vin\u00e1rstvo Dar\u00e1zsvin\"},\"image\":{\"@id\":\"https:\/\/www.darazsvin.sk\/#\/schema\/logo\/image\/\"}}]}<\/script>\n<!-- \/ Yoast SEO plugin. -->","yoast_head_json":{"title":"Rulandsk\u00e9 \u0161ed\u00e9, biele such\u00e9 v\u00edno, 2018 | Vin\u00e1rstvo Dar\u00e1zsvin","description":"Iskriv\u00e9 biele v\u00edno svetlo\u017eltej farby. Pln\u00fa chu\u0165 podporuj\u00fa odrodov\u00e9 ovocno-kvetinov\u00e9 t\u00f3ny v\u00f4ne a svie\u017ee kyseliny \u2013 Vin\u00e1rstvo Dar\u00e1zsvin","robots":{"index":"index","follow":"follow","max-snippet":"max-snippet:-1","max-image-preview":"max-image-preview:large","max-video-preview":"max-video-preview:-1"},"canonical":"https:\/\/www.darazsvin.sk\/hu\/product\/rulandske-sede-biele-suche-vino-2018\/","og_locale":"hu_HU","og_type":"article","og_title":"Rulandsk\u00e9 \u0161ed\u00e9, biele such\u00e9 v\u00edno, 2018 | Vin\u00e1rstvo Dar\u00e1zsvin","og_description":"Iskriv\u00e9 biele v\u00edno svetlo\u017eltej farby. Pln\u00fa chu\u0165 podporuj\u00fa odrodov\u00e9 ovocno-kvetinov\u00e9 t\u00f3ny v\u00f4ne a svie\u017ee kyseliny \u2013 Vin\u00e1rstvo Dar\u00e1zsvin","og_url":"https:\/\/www.darazsvin.sk\/hu\/product\/rulandske-sede-biele-suche-vino-2018\/","og_site_name":"Vin\u00e1rstvo Dar\u00e1zsvin","article_modified_time":"2025-09-22T15:46:00+00:00","og_image":[{"width":465,"height":762,"url":"https:\/\/www.darazsvin.sk\/wp-content\/uploads\/2020\/04\/rulandskesede.png","type":"image\/png"}],"twitter_card":"summary_large_image","twitter_misc":{"Becs\u00fclt olvas\u00e1si id\u0151":"1 perc"},"schema":{"@context":"https:\/\/schema.org","@graph":[{"@type":"WebPage","@id":"https:\/\/www.darazsvin.sk\/product\/rulandske-sede-biele-suche-vino-2018\/","url":"https:\/\/www.darazsvin.sk\/product\/rulandske-sede-biele-suche-vino-2018\/","name":"Rulandsk\u00e9 \u0161ed\u00e9, biele such\u00e9 v\u00edno, 2018 | Vin\u00e1rstvo Dar\u00e1zsvin","isPartOf":{"@id":"https:\/\/www.darazsvin.sk\/#website"},"datePublished":"2020-04-13T12:06:46+00:00","dateModified":"2025-09-22T15:46:00+00:00","description":"Iskriv\u00e9 biele v\u00edno svetlo\u017eltej farby. Pln\u00fa chu\u0165 podporuj\u00fa odrodov\u00e9 ovocno-kvetinov\u00e9 t\u00f3ny v\u00f4ne a svie\u017ee kyseliny \u2013 Vin\u00e1rstvo Dar\u00e1zsvin","breadcrumb":{"@id":"https:\/\/www.darazsvin.sk\/product\/rulandske-sede-biele-suche-vino-2018\/#breadcrumb"},"inLanguage":"hu","potentialAction":[{"@type":"ReadAction","target":["https:\/\/www.darazsvin.sk\/product\/rulandske-sede-biele-suche-vino-2018\/"]}]},{"@type":"BreadcrumbList","@id":"https:\/\/www.darazsvin.sk\/product\/rulandske-sede-biele-suche-vino-2018\/#breadcrumb","itemListElement":[{"@type":"ListItem","position":1,"name":"Home","item":"https:\/\/www.darazsvin.sk\/"},{"@type":"ListItem","position":2,"name":"V\u00edno","item":"https:\/\/www.darazsvin.sk\/vino\/"},{"@type":"ListItem","position":3,"name":"Rulandsk\u00e9 \u0161ed\u00e9, biele such\u00e9 v\u00edno, 2018"}]},{"@type":"WebSite","@id":"https:\/\/www.darazsvin.sk\/#website","url":"https:\/\/www.darazsvin.sk\/","name":"Vin\u00e1rstvo Dar\u00e1zsvin","description":"Rodinn\u00e9 vin\u00e1rstvo s l\u00e1skou k v\u00ednu","publisher":{"@id":"https:\/\/www.darazsvin.sk\/#organization"},"potentialAction":[{"@type":"SearchAction","target":{"@type":"EntryPoint","urlTemplate":"https:\/\/www.darazsvin.sk\/?s={search_term_string}"},"query-input":"required name=search_term_string"}],"inLanguage":"hu"},{"@type":"Organization","@id":"https:\/\/www.darazsvin.sk\/#organization","name":"Vin\u00e1rstvo Dar\u00e1zsvin","url":"https:\/\/www.darazsvin.sk\/","logo":{"@type":"ImageObject","inLanguage":"hu","@id":"https:\/\/www.darazsvin.sk\/#\/schema\/logo\/image\/","url":"https:\/\/www.darazsvin.sk\/wp-content\/uploads\/2023\/05\/darazsvin-vinarstvo-logo-home.png","contentUrl":"https:\/\/www.darazsvin.sk\/wp-content\/uploads\/2023\/05\/darazsvin-vinarstvo-logo-home.png","width":400,"height":180,"caption":"Vin\u00e1rstvo Dar\u00e1zsvin"},"image":{"@id":"https:\/\/www.darazsvin.sk\/#\/schema\/logo\/image\/"}}]}},"_links":{"self":[{"href":"https:\/\/www.darazsvin.sk\/hu\/wp-json\/wp\/v3\/product\/686"}],"collection":[{"href":"https:\/\/www.darazsvin.sk\/hu\/wp-json\/wp\/v3\/product"}],"about":[{"href":"https:\/\/www.darazsvin.sk\/hu\/wp-json\/wp\/v2\/types\/product"}],"replies":[{"embeddable":true,"href":"https:\/\/www.darazsvin.sk\/hu\/wp-json\/wp\/v2\/comments?post=686"}],"wp:featuredmedia":[{"embeddable":true,"href":"https:\/\/www.darazsvin.sk\/hu\/wp-json\/wp\/v2\/media\/709"}],"wp:attachment":[{"href":"https:\/\/www.darazsvin.sk\/hu\/wp-json\/wp\/v2\/media?parent=686"}],"wp:term":[{"taxonomy":"product_cat","embeddable":true,"href":"https:\/\/www.darazsvin.sk\/hu\/wp-json\/wp\/v2\/product_cat?post=686"},{"taxonomy":"product_tag","embeddable":true,"href":"https:\/\/www.darazsvin.sk\/hu\/wp-json\/wp\/v2\/product_tag?post=686"}],"curies":[{"name":"wp","href":"https:\/\/api.w.org\/{rel}","templated":true}]}}