{"id":1421,"date":"2024-02-01T10:23:51","date_gmt":"2024-02-01T09:23:51","guid":{"rendered":"https:\/\/www.darazsvin.sk\/?post_type=product&#038;p=1421"},"modified":"2025-10-22T11:49:00","modified_gmt":"2025-10-22T09:49:00","slug":"sauvignon-blanc-2023-biele-suche","status":"publish","type":"product","link":"https:\/\/www.darazsvin.sk\/hu\/product\/sauvignon-blanc-2022-szaraz-feherbor\/","title":{"rendered":"Sauvignon Blanc 2024, biele such\u00e9"},"content":{"rendered":"<p>Biele v\u00edno iskrivej svetlo\u017eltej farby s jemn\u00fdm zelen\u00fdm odtie\u0148om.<br \/>\nJeho p\u00f4sobiv\u00e1 v\u00f4\u0148a pripom\u00edna tropick\u00e9 ovocie a egre\u0161 so stopami<br \/>\n\u017eih\u013eavy a broskyne. Chu\u0165 je v\u00fdrazn\u00e1, pln\u00e1 a \u0161\u0165avnat\u00e1 s vyv\u00e1\u017eenou<br \/>\novocnos\u0165ou. V z\u00e1vere dominuj\u00fa kyseliny, ktor\u00e9 umoc\u0148uj\u00fa jeho<br \/>\nsvie\u017eos\u0165.<\/p>\n<p class=\"p1\"><strong>Ro\u010dn\u00edk<\/strong>: 2024<br \/>\n<b>Farba v\u00edna<\/b>: biela<br \/>\n<b>zvy\u0161kov\u00fd cukor<\/b>: 6,0g\/l<br \/>\n<b>Alkohol<\/b>: 13,50 obj. %<br \/>\n<strong>Celkov\u00e9 kyseliny<\/strong>: 6,0 g\/l<br \/>\n<strong>P\u00f4vod hrozna<\/strong>: Ma\u010farsko<br \/>\n<strong>D\u00e1tum plnenia<\/strong>: 01\/2025<\/p>\n<p>Obsahuje siri\u010ditany.<\/p>","protected":false},"excerpt":{"rendered":"<p>Biele v\u00edno iskrivej svetlo\u017eltej farby s jemn\u00fdm zelen\u00fdm odtie\u0148om. Jeho p\u00f4sobiv\u00e1 v\u00f4\u0148a pripom\u00edna tropick\u00e9 ovocie a egre\u0161 so stopami \u017eih\u013eavy a broskyne. Chu\u0165 je v\u00fdrazn\u00e1, pln\u00e1 a \u0161\u0165avnat\u00e1 s vyv\u00e1\u017eenou&hellip;<\/p>","protected":false},"featured_media":1064,"comment_status":"open","ping_status":"closed","template":"","meta":[],"product_cat":[41,17],"product_tag":[],"yoast_head":"<!-- This site is optimized with the Yoast SEO plugin v20.6 - https:\/\/yoast.com\/wordpress\/plugins\/seo\/ -->\n<title>Sauvignon Blanc 2024, biele such\u00e9 | Vin\u00e1rstvo Dar\u00e1zsvin<\/title>\n<meta name=\"robots\" content=\"index, follow, max-snippet:-1, max-image-preview:large, max-video-preview:-1\" \/>\n<link rel=\"canonical\" href=\"https:\/\/www.darazsvin.sk\/hu\/product\/sauvignon-blanc-2022-szaraz-feherbor\/\" \/>\n<meta property=\"og:locale\" content=\"hu_HU\" \/>\n<meta property=\"og:type\" content=\"article\" \/>\n<meta property=\"og:title\" content=\"Sauvignon Blanc 2024, biele such\u00e9 | Vin\u00e1rstvo Dar\u00e1zsvin\" \/>\n<meta property=\"og:description\" content=\"Biele v\u00edno iskrivej svetlo\u017eltej farby s jemn\u00fdm zelen\u00fdm odtie\u0148om. Jeho p\u00f4sobiv\u00e1 v\u00f4\u0148a pripom\u00edna tropick\u00e9 ovocie a egre\u0161 so stopami \u017eih\u013eavy a broskyne. Chu\u0165 je v\u00fdrazn\u00e1, pln\u00e1 a \u0161\u0165avnat\u00e1 s vyv\u00e1\u017eenou&hellip;\" \/>\n<meta property=\"og:url\" content=\"https:\/\/www.darazsvin.sk\/hu\/product\/sauvignon-blanc-2022-szaraz-feherbor\/\" \/>\n<meta property=\"og:site_name\" content=\"Vin\u00e1rstvo Dar\u00e1zsvin\" \/>\n<meta property=\"article:modified_time\" content=\"2025-10-22T09:49:00+00:00\" \/>\n<meta property=\"og:image\" content=\"https:\/\/www.darazsvin.sk\/wp-content\/uploads\/2023\/02\/Sauvignon-Blanc-2022.png\" \/>\n\t<meta property=\"og:image:width\" content=\"465\" \/>\n\t<meta property=\"og:image:height\" content=\"762\" \/>\n\t<meta property=\"og:image:type\" content=\"image\/png\" \/>\n<meta name=\"twitter:card\" content=\"summary_large_image\" \/>\n<meta name=\"twitter:label1\" content=\"Becs\u00fclt olvas\u00e1si id\u0151\" \/>\n\t<meta name=\"twitter:data1\" content=\"1 perc\" \/>\n<script type=\"application\/ld+json\" class=\"yoast-schema-graph\">{\"@context\":\"https:\/\/schema.org\",\"@graph\":[{\"@type\":\"WebPage\",\"@id\":\"https:\/\/www.darazsvin.sk\/product\/sauvignon-blanc-2023-biele-suche\/\",\"url\":\"https:\/\/www.darazsvin.sk\/product\/sauvignon-blanc-2023-biele-suche\/\",\"name\":\"Sauvignon Blanc 2024, biele such\u00e9 | Vin\u00e1rstvo Dar\u00e1zsvin\",\"isPartOf\":{\"@id\":\"https:\/\/www.darazsvin.sk\/#website\"},\"datePublished\":\"2024-02-01T09:23:51+00:00\",\"dateModified\":\"2025-10-22T09:49:00+00:00\",\"breadcrumb\":{\"@id\":\"https:\/\/www.darazsvin.sk\/product\/sauvignon-blanc-2023-biele-suche\/#breadcrumb\"},\"inLanguage\":\"hu\",\"potentialAction\":[{\"@type\":\"ReadAction\",\"target\":[\"https:\/\/www.darazsvin.sk\/product\/sauvignon-blanc-2023-biele-suche\/\"]}]},{\"@type\":\"BreadcrumbList\",\"@id\":\"https:\/\/www.darazsvin.sk\/product\/sauvignon-blanc-2023-biele-suche\/#breadcrumb\",\"itemListElement\":[{\"@type\":\"ListItem\",\"position\":1,\"name\":\"Home\",\"item\":\"https:\/\/www.darazsvin.sk\/\"},{\"@type\":\"ListItem\",\"position\":2,\"name\":\"V\u00edno\",\"item\":\"https:\/\/www.darazsvin.sk\/vino\/\"},{\"@type\":\"ListItem\",\"position\":3,\"name\":\"Sauvignon Blanc 2024, biele such\u00e9\"}]},{\"@type\":\"WebSite\",\"@id\":\"https:\/\/www.darazsvin.sk\/#website\",\"url\":\"https:\/\/www.darazsvin.sk\/\",\"name\":\"Vin\u00e1rstvo Dar\u00e1zsvin\",\"description\":\"Rodinn\u00e9 vin\u00e1rstvo s l\u00e1skou k v\u00ednu\",\"publisher\":{\"@id\":\"https:\/\/www.darazsvin.sk\/#organization\"},\"potentialAction\":[{\"@type\":\"SearchAction\",\"target\":{\"@type\":\"EntryPoint\",\"urlTemplate\":\"https:\/\/www.darazsvin.sk\/?s={search_term_string}\"},\"query-input\":\"required name=search_term_string\"}],\"inLanguage\":\"hu\"},{\"@type\":\"Organization\",\"@id\":\"https:\/\/www.darazsvin.sk\/#organization\",\"name\":\"Vin\u00e1rstvo Dar\u00e1zsvin\",\"url\":\"https:\/\/www.darazsvin.sk\/\",\"logo\":{\"@type\":\"ImageObject\",\"inLanguage\":\"hu\",\"@id\":\"https:\/\/www.darazsvin.sk\/#\/schema\/logo\/image\/\",\"url\":\"https:\/\/www.darazsvin.sk\/wp-content\/uploads\/2023\/05\/darazsvin-vinarstvo-logo-home.png\",\"contentUrl\":\"https:\/\/www.darazsvin.sk\/wp-content\/uploads\/2023\/05\/darazsvin-vinarstvo-logo-home.png\",\"width\":400,\"height\":180,\"caption\":\"Vin\u00e1rstvo Dar\u00e1zsvin\"},\"image\":{\"@id\":\"https:\/\/www.darazsvin.sk\/#\/schema\/logo\/image\/\"}}]}<\/script>\n<!-- \/ Yoast SEO plugin. -->","yoast_head_json":{"title":"Sauvignon Blanc 2024, biele such\u00e9 | Vin\u00e1rstvo Dar\u00e1zsvin","robots":{"index":"index","follow":"follow","max-snippet":"max-snippet:-1","max-image-preview":"max-image-preview:large","max-video-preview":"max-video-preview:-1"},"canonical":"https:\/\/www.darazsvin.sk\/hu\/product\/sauvignon-blanc-2022-szaraz-feherbor\/","og_locale":"hu_HU","og_type":"article","og_title":"Sauvignon Blanc 2024, biele such\u00e9 | Vin\u00e1rstvo Dar\u00e1zsvin","og_description":"Biele v\u00edno iskrivej svetlo\u017eltej farby s jemn\u00fdm zelen\u00fdm odtie\u0148om. Jeho p\u00f4sobiv\u00e1 v\u00f4\u0148a pripom\u00edna tropick\u00e9 ovocie a egre\u0161 so stopami \u017eih\u013eavy a broskyne. Chu\u0165 je v\u00fdrazn\u00e1, pln\u00e1 a \u0161\u0165avnat\u00e1 s vyv\u00e1\u017eenou&hellip;","og_url":"https:\/\/www.darazsvin.sk\/hu\/product\/sauvignon-blanc-2022-szaraz-feherbor\/","og_site_name":"Vin\u00e1rstvo Dar\u00e1zsvin","article_modified_time":"2025-10-22T09:49:00+00:00","og_image":[{"width":465,"height":762,"url":"https:\/\/www.darazsvin.sk\/wp-content\/uploads\/2023\/02\/Sauvignon-Blanc-2022.png","type":"image\/png"}],"twitter_card":"summary_large_image","twitter_misc":{"Becs\u00fclt olvas\u00e1si id\u0151":"1 perc"},"schema":{"@context":"https:\/\/schema.org","@graph":[{"@type":"WebPage","@id":"https:\/\/www.darazsvin.sk\/product\/sauvignon-blanc-2023-biele-suche\/","url":"https:\/\/www.darazsvin.sk\/product\/sauvignon-blanc-2023-biele-suche\/","name":"Sauvignon Blanc 2024, biele such\u00e9 | Vin\u00e1rstvo Dar\u00e1zsvin","isPartOf":{"@id":"https:\/\/www.darazsvin.sk\/#website"},"datePublished":"2024-02-01T09:23:51+00:00","dateModified":"2025-10-22T09:49:00+00:00","breadcrumb":{"@id":"https:\/\/www.darazsvin.sk\/product\/sauvignon-blanc-2023-biele-suche\/#breadcrumb"},"inLanguage":"hu","potentialAction":[{"@type":"ReadAction","target":["https:\/\/www.darazsvin.sk\/product\/sauvignon-blanc-2023-biele-suche\/"]}]},{"@type":"BreadcrumbList","@id":"https:\/\/www.darazsvin.sk\/product\/sauvignon-blanc-2023-biele-suche\/#breadcrumb","itemListElement":[{"@type":"ListItem","position":1,"name":"Home","item":"https:\/\/www.darazsvin.sk\/"},{"@type":"ListItem","position":2,"name":"V\u00edno","item":"https:\/\/www.darazsvin.sk\/vino\/"},{"@type":"ListItem","position":3,"name":"Sauvignon Blanc 2024, biele such\u00e9"}]},{"@type":"WebSite","@id":"https:\/\/www.darazsvin.sk\/#website","url":"https:\/\/www.darazsvin.sk\/","name":"Vin\u00e1rstvo Dar\u00e1zsvin","description":"Rodinn\u00e9 vin\u00e1rstvo s l\u00e1skou k v\u00ednu","publisher":{"@id":"https:\/\/www.darazsvin.sk\/#organization"},"potentialAction":[{"@type":"SearchAction","target":{"@type":"EntryPoint","urlTemplate":"https:\/\/www.darazsvin.sk\/?s={search_term_string}"},"query-input":"required name=search_term_string"}],"inLanguage":"hu"},{"@type":"Organization","@id":"https:\/\/www.darazsvin.sk\/#organization","name":"Vin\u00e1rstvo Dar\u00e1zsvin","url":"https:\/\/www.darazsvin.sk\/","logo":{"@type":"ImageObject","inLanguage":"hu","@id":"https:\/\/www.darazsvin.sk\/#\/schema\/logo\/image\/","url":"https:\/\/www.darazsvin.sk\/wp-content\/uploads\/2023\/05\/darazsvin-vinarstvo-logo-home.png","contentUrl":"https:\/\/www.darazsvin.sk\/wp-content\/uploads\/2023\/05\/darazsvin-vinarstvo-logo-home.png","width":400,"height":180,"caption":"Vin\u00e1rstvo Dar\u00e1zsvin"},"image":{"@id":"https:\/\/www.darazsvin.sk\/#\/schema\/logo\/image\/"}}]}},"_links":{"self":[{"href":"https:\/\/www.darazsvin.sk\/hu\/wp-json\/wp\/v3\/product\/1421"}],"collection":[{"href":"https:\/\/www.darazsvin.sk\/hu\/wp-json\/wp\/v3\/product"}],"about":[{"href":"https:\/\/www.darazsvin.sk\/hu\/wp-json\/wp\/v2\/types\/product"}],"replies":[{"embeddable":true,"href":"https:\/\/www.darazsvin.sk\/hu\/wp-json\/wp\/v2\/comments?post=1421"}],"wp:featuredmedia":[{"embeddable":true,"href":"https:\/\/www.darazsvin.sk\/hu\/wp-json\/wp\/v2\/media\/1064"}],"wp:attachment":[{"href":"https:\/\/www.darazsvin.sk\/hu\/wp-json\/wp\/v2\/media?parent=1421"}],"wp:term":[{"taxonomy":"product_cat","embeddable":true,"href":"https:\/\/www.darazsvin.sk\/hu\/wp-json\/wp\/v2\/product_cat?post=1421"},{"taxonomy":"product_tag","embeddable":true,"href":"https:\/\/www.darazsvin.sk\/hu\/wp-json\/wp\/v2\/product_tag?post=1421"}],"curies":[{"name":"wp","href":"https:\/\/api.w.org\/{rel}","templated":true}]}}