{"id":1398,"date":"2023-05-30T11:43:45","date_gmt":"2023-05-30T09:43:45","guid":{"rendered":"https:\/\/www.darazsvin.sk\/?post_type=product&#038;p=1398"},"modified":"2023-05-30T11:51:05","modified_gmt":"2023-05-30T09:51:05","slug":"carlot-cuvee-suche","status":"publish","type":"product","link":"https:\/\/www.darazsvin.sk\/hu\/product\/carlot-cuvee-suche\/","title":{"rendered":"Carlot cuv\u00e9e such\u00e9"},"content":{"rendered":"<p>Ok\u00faz\u013euj\u00face rub\u00ednovo-\u010derven\u00e9 v\u00edno vzniklo kup\u00e1\u017eou dvoch odr\u00f4d hrozna Cabenet Sauvignonu a Merlotu. Spojenie v\u00fdraznej a intenz\u00edvnej v\u00f4ne s plnou chu\u0165ou podporuj\u00fa svojou pr\u00edtomnos\u0165ou vyv\u00e1\u017een\u00e9 triesloviny a kyseliny. Takto vznikol dlho doznievaj\u00faci nezabudnute\u013en\u00fd z\u00e1\u017eitok.<\/p>\n<p class=\"p1\"><b>Ro\u010dn\u00edk<\/b>: 2020<br \/>\n<b>Farba v\u00edna<\/b>: \u010derven\u00e1<br \/>\n<b>Cukornatos\u0165<\/b>: such\u00e9<br \/>\n<b>Alkohol<\/b>: 14,0 obj. %<br \/>\n<strong>Celkov\u00e9 kyseliny<\/strong>: 5,4 g\/l<br \/>\n<strong>P\u00f4vod hrozna<\/strong>: Ma\u010farsko<br \/>\n<strong>D\u00e1tum plnenia<\/strong>: 03\/2020<\/p>\n<p>Obsahuje siri\u010ditany.<\/p>","protected":false},"excerpt":{"rendered":"<p>Ok\u00faz\u013euj\u00face rub\u00ednovo-\u010derven\u00e9 v\u00edno vzniklo kup\u00e1\u017eou dvoch odr\u00f4d hrozna Cabenet Sauvignonu a Merlotu. Spojenie v\u00fdraznej a intenz\u00edvnej v\u00f4ne s plnou chu\u0165ou podporuj\u00fa svojou pr\u00edtomnos\u0165ou vyv\u00e1\u017een\u00e9 triesloviny a kyseliny. Takto vznikol dlho&hellip;<\/p>","protected":false},"featured_media":1399,"comment_status":"open","ping_status":"closed","template":"","meta":[],"product_cat":[41,19],"product_tag":[],"yoast_head":"<!-- This site is optimized with the Yoast SEO plugin v20.6 - https:\/\/yoast.com\/wordpress\/plugins\/seo\/ -->\n<title>Carlot cuv\u00e9e such\u00e9 | Vin\u00e1rstvo Dar\u00e1zsvin<\/title>\n<meta name=\"robots\" content=\"index, follow, max-snippet:-1, max-image-preview:large, max-video-preview:-1\" \/>\n<link rel=\"canonical\" href=\"https:\/\/www.darazsvin.sk\/hu\/product\/carlot-cuvee-suche\/\" \/>\n<meta property=\"og:locale\" content=\"hu_HU\" \/>\n<meta property=\"og:type\" content=\"article\" \/>\n<meta property=\"og:title\" content=\"Carlot cuv\u00e9e such\u00e9 | Vin\u00e1rstvo Dar\u00e1zsvin\" \/>\n<meta property=\"og:description\" content=\"Ok\u00faz\u013euj\u00face rub\u00ednovo-\u010derven\u00e9 v\u00edno vzniklo kup\u00e1\u017eou dvoch odr\u00f4d hrozna Cabenet Sauvignonu a Merlotu. Spojenie v\u00fdraznej a intenz\u00edvnej v\u00f4ne s plnou chu\u0165ou podporuj\u00fa svojou pr\u00edtomnos\u0165ou vyv\u00e1\u017een\u00e9 triesloviny a kyseliny. Takto vznikol dlho&hellip;\" \/>\n<meta property=\"og:url\" content=\"https:\/\/www.darazsvin.sk\/hu\/product\/carlot-cuvee-suche\/\" \/>\n<meta property=\"og:site_name\" content=\"Vin\u00e1rstvo Dar\u00e1zsvin\" \/>\n<meta property=\"article:modified_time\" content=\"2023-05-30T09:51:05+00:00\" \/>\n<meta property=\"og:image\" content=\"https:\/\/www.darazsvin.sk\/wp-content\/uploads\/2023\/05\/Carlot-Cuvee-2020-webmeret.png\" \/>\n\t<meta property=\"og:image:width\" content=\"465\" \/>\n\t<meta property=\"og:image:height\" content=\"762\" \/>\n\t<meta property=\"og:image:type\" content=\"image\/png\" \/>\n<meta name=\"twitter:card\" content=\"summary_large_image\" \/>\n<meta name=\"twitter:label1\" content=\"Becs\u00fclt olvas\u00e1si id\u0151\" \/>\n\t<meta name=\"twitter:data1\" content=\"1 perc\" \/>\n<script type=\"application\/ld+json\" class=\"yoast-schema-graph\">{\"@context\":\"https:\/\/schema.org\",\"@graph\":[{\"@type\":\"WebPage\",\"@id\":\"https:\/\/www.darazsvin.sk\/product\/carlot-cuvee-suche\/\",\"url\":\"https:\/\/www.darazsvin.sk\/product\/carlot-cuvee-suche\/\",\"name\":\"Carlot cuv\u00e9e such\u00e9 | Vin\u00e1rstvo Dar\u00e1zsvin\",\"isPartOf\":{\"@id\":\"https:\/\/www.darazsvin.sk\/#website\"},\"datePublished\":\"2023-05-30T09:43:45+00:00\",\"dateModified\":\"2023-05-30T09:51:05+00:00\",\"breadcrumb\":{\"@id\":\"https:\/\/www.darazsvin.sk\/product\/carlot-cuvee-suche\/#breadcrumb\"},\"inLanguage\":\"hu\",\"potentialAction\":[{\"@type\":\"ReadAction\",\"target\":[\"https:\/\/www.darazsvin.sk\/product\/carlot-cuvee-suche\/\"]}]},{\"@type\":\"BreadcrumbList\",\"@id\":\"https:\/\/www.darazsvin.sk\/product\/carlot-cuvee-suche\/#breadcrumb\",\"itemListElement\":[{\"@type\":\"ListItem\",\"position\":1,\"name\":\"Home\",\"item\":\"https:\/\/www.darazsvin.sk\/\"},{\"@type\":\"ListItem\",\"position\":2,\"name\":\"V\u00edno\",\"item\":\"https:\/\/www.darazsvin.sk\/vino\/\"},{\"@type\":\"ListItem\",\"position\":3,\"name\":\"Carlot cuv\u00e9e such\u00e9\"}]},{\"@type\":\"WebSite\",\"@id\":\"https:\/\/www.darazsvin.sk\/#website\",\"url\":\"https:\/\/www.darazsvin.sk\/\",\"name\":\"Vin\u00e1rstvo Dar\u00e1zsvin\",\"description\":\"Rodinn\u00e9 vin\u00e1rstvo s l\u00e1skou k v\u00ednu\",\"publisher\":{\"@id\":\"https:\/\/www.darazsvin.sk\/#organization\"},\"potentialAction\":[{\"@type\":\"SearchAction\",\"target\":{\"@type\":\"EntryPoint\",\"urlTemplate\":\"https:\/\/www.darazsvin.sk\/?s={search_term_string}\"},\"query-input\":\"required name=search_term_string\"}],\"inLanguage\":\"hu\"},{\"@type\":\"Organization\",\"@id\":\"https:\/\/www.darazsvin.sk\/#organization\",\"name\":\"Vin\u00e1rstvo Dar\u00e1zsvin\",\"url\":\"https:\/\/www.darazsvin.sk\/\",\"logo\":{\"@type\":\"ImageObject\",\"inLanguage\":\"hu\",\"@id\":\"https:\/\/www.darazsvin.sk\/#\/schema\/logo\/image\/\",\"url\":\"https:\/\/www.darazsvin.sk\/wp-content\/uploads\/2023\/05\/darazsvin-vinarstvo-logo-home.png\",\"contentUrl\":\"https:\/\/www.darazsvin.sk\/wp-content\/uploads\/2023\/05\/darazsvin-vinarstvo-logo-home.png\",\"width\":400,\"height\":180,\"caption\":\"Vin\u00e1rstvo Dar\u00e1zsvin\"},\"image\":{\"@id\":\"https:\/\/www.darazsvin.sk\/#\/schema\/logo\/image\/\"}}]}<\/script>\n<!-- \/ Yoast SEO plugin. -->","yoast_head_json":{"title":"Carlot cuv\u00e9e such\u00e9 | Vin\u00e1rstvo Dar\u00e1zsvin","robots":{"index":"index","follow":"follow","max-snippet":"max-snippet:-1","max-image-preview":"max-image-preview:large","max-video-preview":"max-video-preview:-1"},"canonical":"https:\/\/www.darazsvin.sk\/hu\/product\/carlot-cuvee-suche\/","og_locale":"hu_HU","og_type":"article","og_title":"Carlot cuv\u00e9e such\u00e9 | Vin\u00e1rstvo Dar\u00e1zsvin","og_description":"Ok\u00faz\u013euj\u00face rub\u00ednovo-\u010derven\u00e9 v\u00edno vzniklo kup\u00e1\u017eou dvoch odr\u00f4d hrozna Cabenet Sauvignonu a Merlotu. Spojenie v\u00fdraznej a intenz\u00edvnej v\u00f4ne s plnou chu\u0165ou podporuj\u00fa svojou pr\u00edtomnos\u0165ou vyv\u00e1\u017een\u00e9 triesloviny a kyseliny. Takto vznikol dlho&hellip;","og_url":"https:\/\/www.darazsvin.sk\/hu\/product\/carlot-cuvee-suche\/","og_site_name":"Vin\u00e1rstvo Dar\u00e1zsvin","article_modified_time":"2023-05-30T09:51:05+00:00","og_image":[{"width":465,"height":762,"url":"https:\/\/www.darazsvin.sk\/wp-content\/uploads\/2023\/05\/Carlot-Cuvee-2020-webmeret.png","type":"image\/png"}],"twitter_card":"summary_large_image","twitter_misc":{"Becs\u00fclt olvas\u00e1si id\u0151":"1 perc"},"schema":{"@context":"https:\/\/schema.org","@graph":[{"@type":"WebPage","@id":"https:\/\/www.darazsvin.sk\/product\/carlot-cuvee-suche\/","url":"https:\/\/www.darazsvin.sk\/product\/carlot-cuvee-suche\/","name":"Carlot cuv\u00e9e such\u00e9 | Vin\u00e1rstvo Dar\u00e1zsvin","isPartOf":{"@id":"https:\/\/www.darazsvin.sk\/#website"},"datePublished":"2023-05-30T09:43:45+00:00","dateModified":"2023-05-30T09:51:05+00:00","breadcrumb":{"@id":"https:\/\/www.darazsvin.sk\/product\/carlot-cuvee-suche\/#breadcrumb"},"inLanguage":"hu","potentialAction":[{"@type":"ReadAction","target":["https:\/\/www.darazsvin.sk\/product\/carlot-cuvee-suche\/"]}]},{"@type":"BreadcrumbList","@id":"https:\/\/www.darazsvin.sk\/product\/carlot-cuvee-suche\/#breadcrumb","itemListElement":[{"@type":"ListItem","position":1,"name":"Home","item":"https:\/\/www.darazsvin.sk\/"},{"@type":"ListItem","position":2,"name":"V\u00edno","item":"https:\/\/www.darazsvin.sk\/vino\/"},{"@type":"ListItem","position":3,"name":"Carlot cuv\u00e9e such\u00e9"}]},{"@type":"WebSite","@id":"https:\/\/www.darazsvin.sk\/#website","url":"https:\/\/www.darazsvin.sk\/","name":"Vin\u00e1rstvo Dar\u00e1zsvin","description":"Rodinn\u00e9 vin\u00e1rstvo s l\u00e1skou k v\u00ednu","publisher":{"@id":"https:\/\/www.darazsvin.sk\/#organization"},"potentialAction":[{"@type":"SearchAction","target":{"@type":"EntryPoint","urlTemplate":"https:\/\/www.darazsvin.sk\/?s={search_term_string}"},"query-input":"required name=search_term_string"}],"inLanguage":"hu"},{"@type":"Organization","@id":"https:\/\/www.darazsvin.sk\/#organization","name":"Vin\u00e1rstvo Dar\u00e1zsvin","url":"https:\/\/www.darazsvin.sk\/","logo":{"@type":"ImageObject","inLanguage":"hu","@id":"https:\/\/www.darazsvin.sk\/#\/schema\/logo\/image\/","url":"https:\/\/www.darazsvin.sk\/wp-content\/uploads\/2023\/05\/darazsvin-vinarstvo-logo-home.png","contentUrl":"https:\/\/www.darazsvin.sk\/wp-content\/uploads\/2023\/05\/darazsvin-vinarstvo-logo-home.png","width":400,"height":180,"caption":"Vin\u00e1rstvo Dar\u00e1zsvin"},"image":{"@id":"https:\/\/www.darazsvin.sk\/#\/schema\/logo\/image\/"}}]}},"_links":{"self":[{"href":"https:\/\/www.darazsvin.sk\/hu\/wp-json\/wp\/v3\/product\/1398"}],"collection":[{"href":"https:\/\/www.darazsvin.sk\/hu\/wp-json\/wp\/v3\/product"}],"about":[{"href":"https:\/\/www.darazsvin.sk\/hu\/wp-json\/wp\/v2\/types\/product"}],"replies":[{"embeddable":true,"href":"https:\/\/www.darazsvin.sk\/hu\/wp-json\/wp\/v2\/comments?post=1398"}],"wp:featuredmedia":[{"embeddable":true,"href":"https:\/\/www.darazsvin.sk\/hu\/wp-json\/wp\/v2\/media\/1399"}],"wp:attachment":[{"href":"https:\/\/www.darazsvin.sk\/hu\/wp-json\/wp\/v2\/media?parent=1398"}],"wp:term":[{"taxonomy":"product_cat","embeddable":true,"href":"https:\/\/www.darazsvin.sk\/hu\/wp-json\/wp\/v2\/product_cat?post=1398"},{"taxonomy":"product_tag","embeddable":true,"href":"https:\/\/www.darazsvin.sk\/hu\/wp-json\/wp\/v2\/product_tag?post=1398"}],"curies":[{"name":"wp","href":"https:\/\/api.w.org\/{rel}","templated":true}]}}