{"id":1396,"date":"2023-05-30T11:04:51","date_gmt":"2023-05-30T09:04:51","guid":{"rendered":"https:\/\/www.darazsvin.sk\/?post_type=product&#038;p=1396"},"modified":"2025-04-12T14:29:02","modified_gmt":"2025-04-12T12:29:02","slug":"laven-gris-polosuche-levandulove-sytene","status":"publish","type":"product","link":"https:\/\/www.darazsvin.sk\/hu\/product\/laven-gris-polosuche-levandulove-sytene\/","title":{"rendered":"Laven-gris polosuch\u00e9 levandu\u013eov\u00e9, s\u00fdten\u00e9"},"content":{"rendered":"<p>V\u00fdnimo\u010dn\u00e9 remeseln\u00edcke biele v\u00edno s\u00fdten\u00e9 oxidom siri\u010dit\u00fdm. Je vyroben\u00e9 z odrody Rulandsk\u00e9 \u0161ed\u00e9 (Pinot gris), v ktorom bola macerovan\u00e1 su\u0161en\u00e1 levandu\u013ea. Spojen\u00edm dvoch ar\u00f3m vznikla harm\u00f3nia v\u00f4ne a chuti levandule s citrusovo-medovou dochu\u0165ou. Levandu\u013ea poch\u00e1dza z n\u00e1\u0161ho od farm\u00e1ra z Trst\u00edc.<\/p>\n<p>Vyroben\u00e9 pridan\u00edm oxidu uhli\u010dit\u00e9ho.<\/p>\n<p class=\"p1\"><b>Ro\u010dn\u00edk<\/b>: 2022<br \/>\n<b>Farba v\u00edna<\/b>: biela<br \/>\n<b>Cukornatos\u0165<\/b>: 19,5<br \/>\n<b>Alkohol<\/b>: 11,50obj. %<br \/>\n<strong>P\u00f4vod hrozna<\/strong>: Ma\u010farsko<br \/>\n<strong>D\u00e1tum plnenia<\/strong>: 04\/2023<\/p>\n<p>Obsahuje siri\u010ditany.<\/p>","protected":false},"excerpt":{"rendered":"<p>V\u00fdnimo\u010dn\u00e9 remeseln\u00edcke biele v\u00edno s\u00fdten\u00e9 oxidom siri\u010dit\u00fdm. Je vyroben\u00e9 z odrody Rulandsk\u00e9 \u0161ed\u00e9 (Pinot gris), v ktorom bola macerovan\u00e1 su\u0161en\u00e1 levandu\u013ea. Spojen\u00edm dvoch ar\u00f3m vznikla harm\u00f3nia v\u00f4ne a chuti levandule&hellip;<\/p>","protected":false},"featured_media":1397,"comment_status":"open","ping_status":"closed","template":"","meta":[],"product_cat":[41,37,17],"product_tag":[],"yoast_head":"<!-- This site is optimized with the Yoast SEO plugin v20.6 - https:\/\/yoast.com\/wordpress\/plugins\/seo\/ -->\n<title>Laven-gris polosuch\u00e9 levandu\u013eov\u00e9, s\u00fdten\u00e9 | Vin\u00e1rstvo Dar\u00e1zsvin<\/title>\n<meta name=\"robots\" content=\"index, follow, max-snippet:-1, max-image-preview:large, max-video-preview:-1\" \/>\n<link rel=\"canonical\" href=\"https:\/\/www.darazsvin.sk\/hu\/product\/laven-gris-polosuche-levandulove-sytene\/\" \/>\n<meta property=\"og:locale\" content=\"hu_HU\" \/>\n<meta property=\"og:type\" content=\"article\" \/>\n<meta property=\"og:title\" content=\"Laven-gris polosuch\u00e9 levandu\u013eov\u00e9, s\u00fdten\u00e9 | Vin\u00e1rstvo Dar\u00e1zsvin\" \/>\n<meta property=\"og:description\" content=\"V\u00fdnimo\u010dn\u00e9 remeseln\u00edcke biele v\u00edno s\u00fdten\u00e9 oxidom siri\u010dit\u00fdm. Je vyroben\u00e9 z odrody Rulandsk\u00e9 \u0161ed\u00e9 (Pinot gris), v ktorom bola macerovan\u00e1 su\u0161en\u00e1 levandu\u013ea. Spojen\u00edm dvoch ar\u00f3m vznikla harm\u00f3nia v\u00f4ne a chuti levandule&hellip;\" \/>\n<meta property=\"og:url\" content=\"https:\/\/www.darazsvin.sk\/hu\/product\/laven-gris-polosuche-levandulove-sytene\/\" \/>\n<meta property=\"og:site_name\" content=\"Vin\u00e1rstvo Dar\u00e1zsvin\" \/>\n<meta property=\"article:modified_time\" content=\"2025-04-12T12:29:02+00:00\" \/>\n<meta property=\"og:image\" content=\"https:\/\/www.darazsvin.sk\/wp-content\/uploads\/2023\/05\/Laven-gris-2022-webmeret.png\" \/>\n\t<meta property=\"og:image:width\" content=\"465\" \/>\n\t<meta property=\"og:image:height\" content=\"762\" \/>\n\t<meta property=\"og:image:type\" content=\"image\/png\" \/>\n<meta name=\"twitter:card\" content=\"summary_large_image\" \/>\n<meta name=\"twitter:label1\" content=\"Becs\u00fclt olvas\u00e1si id\u0151\" \/>\n\t<meta name=\"twitter:data1\" content=\"1 perc\" \/>\n<script type=\"application\/ld+json\" class=\"yoast-schema-graph\">{\"@context\":\"https:\/\/schema.org\",\"@graph\":[{\"@type\":\"WebPage\",\"@id\":\"https:\/\/www.darazsvin.sk\/product\/laven-gris-polosuche-levandulove-sytene\/\",\"url\":\"https:\/\/www.darazsvin.sk\/product\/laven-gris-polosuche-levandulove-sytene\/\",\"name\":\"Laven-gris polosuch\u00e9 levandu\u013eov\u00e9, s\u00fdten\u00e9 | Vin\u00e1rstvo Dar\u00e1zsvin\",\"isPartOf\":{\"@id\":\"https:\/\/www.darazsvin.sk\/#website\"},\"datePublished\":\"2023-05-30T09:04:51+00:00\",\"dateModified\":\"2025-04-12T12:29:02+00:00\",\"breadcrumb\":{\"@id\":\"https:\/\/www.darazsvin.sk\/product\/laven-gris-polosuche-levandulove-sytene\/#breadcrumb\"},\"inLanguage\":\"hu\",\"potentialAction\":[{\"@type\":\"ReadAction\",\"target\":[\"https:\/\/www.darazsvin.sk\/product\/laven-gris-polosuche-levandulove-sytene\/\"]}]},{\"@type\":\"BreadcrumbList\",\"@id\":\"https:\/\/www.darazsvin.sk\/product\/laven-gris-polosuche-levandulove-sytene\/#breadcrumb\",\"itemListElement\":[{\"@type\":\"ListItem\",\"position\":1,\"name\":\"Home\",\"item\":\"https:\/\/www.darazsvin.sk\/\"},{\"@type\":\"ListItem\",\"position\":2,\"name\":\"V\u00edno\",\"item\":\"https:\/\/www.darazsvin.sk\/vino\/\"},{\"@type\":\"ListItem\",\"position\":3,\"name\":\"Laven-gris polosuch\u00e9 levandu\u013eov\u00e9, s\u00fdten\u00e9\"}]},{\"@type\":\"WebSite\",\"@id\":\"https:\/\/www.darazsvin.sk\/#website\",\"url\":\"https:\/\/www.darazsvin.sk\/\",\"name\":\"Vin\u00e1rstvo Dar\u00e1zsvin\",\"description\":\"Rodinn\u00e9 vin\u00e1rstvo s l\u00e1skou k v\u00ednu\",\"publisher\":{\"@id\":\"https:\/\/www.darazsvin.sk\/#organization\"},\"potentialAction\":[{\"@type\":\"SearchAction\",\"target\":{\"@type\":\"EntryPoint\",\"urlTemplate\":\"https:\/\/www.darazsvin.sk\/?s={search_term_string}\"},\"query-input\":\"required name=search_term_string\"}],\"inLanguage\":\"hu\"},{\"@type\":\"Organization\",\"@id\":\"https:\/\/www.darazsvin.sk\/#organization\",\"name\":\"Vin\u00e1rstvo Dar\u00e1zsvin\",\"url\":\"https:\/\/www.darazsvin.sk\/\",\"logo\":{\"@type\":\"ImageObject\",\"inLanguage\":\"hu\",\"@id\":\"https:\/\/www.darazsvin.sk\/#\/schema\/logo\/image\/\",\"url\":\"https:\/\/www.darazsvin.sk\/wp-content\/uploads\/2023\/05\/darazsvin-vinarstvo-logo-home.png\",\"contentUrl\":\"https:\/\/www.darazsvin.sk\/wp-content\/uploads\/2023\/05\/darazsvin-vinarstvo-logo-home.png\",\"width\":400,\"height\":180,\"caption\":\"Vin\u00e1rstvo Dar\u00e1zsvin\"},\"image\":{\"@id\":\"https:\/\/www.darazsvin.sk\/#\/schema\/logo\/image\/\"}}]}<\/script>\n<!-- \/ Yoast SEO plugin. -->","yoast_head_json":{"title":"Laven-gris polosuch\u00e9 levandu\u013eov\u00e9, s\u00fdten\u00e9 | Vin\u00e1rstvo Dar\u00e1zsvin","robots":{"index":"index","follow":"follow","max-snippet":"max-snippet:-1","max-image-preview":"max-image-preview:large","max-video-preview":"max-video-preview:-1"},"canonical":"https:\/\/www.darazsvin.sk\/hu\/product\/laven-gris-polosuche-levandulove-sytene\/","og_locale":"hu_HU","og_type":"article","og_title":"Laven-gris polosuch\u00e9 levandu\u013eov\u00e9, s\u00fdten\u00e9 | Vin\u00e1rstvo Dar\u00e1zsvin","og_description":"V\u00fdnimo\u010dn\u00e9 remeseln\u00edcke biele v\u00edno s\u00fdten\u00e9 oxidom siri\u010dit\u00fdm. Je vyroben\u00e9 z odrody Rulandsk\u00e9 \u0161ed\u00e9 (Pinot gris), v ktorom bola macerovan\u00e1 su\u0161en\u00e1 levandu\u013ea. Spojen\u00edm dvoch ar\u00f3m vznikla harm\u00f3nia v\u00f4ne a chuti levandule&hellip;","og_url":"https:\/\/www.darazsvin.sk\/hu\/product\/laven-gris-polosuche-levandulove-sytene\/","og_site_name":"Vin\u00e1rstvo Dar\u00e1zsvin","article_modified_time":"2025-04-12T12:29:02+00:00","og_image":[{"width":465,"height":762,"url":"https:\/\/www.darazsvin.sk\/wp-content\/uploads\/2023\/05\/Laven-gris-2022-webmeret.png","type":"image\/png"}],"twitter_card":"summary_large_image","twitter_misc":{"Becs\u00fclt olvas\u00e1si id\u0151":"1 perc"},"schema":{"@context":"https:\/\/schema.org","@graph":[{"@type":"WebPage","@id":"https:\/\/www.darazsvin.sk\/product\/laven-gris-polosuche-levandulove-sytene\/","url":"https:\/\/www.darazsvin.sk\/product\/laven-gris-polosuche-levandulove-sytene\/","name":"Laven-gris polosuch\u00e9 levandu\u013eov\u00e9, s\u00fdten\u00e9 | Vin\u00e1rstvo Dar\u00e1zsvin","isPartOf":{"@id":"https:\/\/www.darazsvin.sk\/#website"},"datePublished":"2023-05-30T09:04:51+00:00","dateModified":"2025-04-12T12:29:02+00:00","breadcrumb":{"@id":"https:\/\/www.darazsvin.sk\/product\/laven-gris-polosuche-levandulove-sytene\/#breadcrumb"},"inLanguage":"hu","potentialAction":[{"@type":"ReadAction","target":["https:\/\/www.darazsvin.sk\/product\/laven-gris-polosuche-levandulove-sytene\/"]}]},{"@type":"BreadcrumbList","@id":"https:\/\/www.darazsvin.sk\/product\/laven-gris-polosuche-levandulove-sytene\/#breadcrumb","itemListElement":[{"@type":"ListItem","position":1,"name":"Home","item":"https:\/\/www.darazsvin.sk\/"},{"@type":"ListItem","position":2,"name":"V\u00edno","item":"https:\/\/www.darazsvin.sk\/vino\/"},{"@type":"ListItem","position":3,"name":"Laven-gris polosuch\u00e9 levandu\u013eov\u00e9, s\u00fdten\u00e9"}]},{"@type":"WebSite","@id":"https:\/\/www.darazsvin.sk\/#website","url":"https:\/\/www.darazsvin.sk\/","name":"Vin\u00e1rstvo Dar\u00e1zsvin","description":"Rodinn\u00e9 vin\u00e1rstvo s l\u00e1skou k v\u00ednu","publisher":{"@id":"https:\/\/www.darazsvin.sk\/#organization"},"potentialAction":[{"@type":"SearchAction","target":{"@type":"EntryPoint","urlTemplate":"https:\/\/www.darazsvin.sk\/?s={search_term_string}"},"query-input":"required name=search_term_string"}],"inLanguage":"hu"},{"@type":"Organization","@id":"https:\/\/www.darazsvin.sk\/#organization","name":"Vin\u00e1rstvo Dar\u00e1zsvin","url":"https:\/\/www.darazsvin.sk\/","logo":{"@type":"ImageObject","inLanguage":"hu","@id":"https:\/\/www.darazsvin.sk\/#\/schema\/logo\/image\/","url":"https:\/\/www.darazsvin.sk\/wp-content\/uploads\/2023\/05\/darazsvin-vinarstvo-logo-home.png","contentUrl":"https:\/\/www.darazsvin.sk\/wp-content\/uploads\/2023\/05\/darazsvin-vinarstvo-logo-home.png","width":400,"height":180,"caption":"Vin\u00e1rstvo Dar\u00e1zsvin"},"image":{"@id":"https:\/\/www.darazsvin.sk\/#\/schema\/logo\/image\/"}}]}},"_links":{"self":[{"href":"https:\/\/www.darazsvin.sk\/hu\/wp-json\/wp\/v3\/product\/1396"}],"collection":[{"href":"https:\/\/www.darazsvin.sk\/hu\/wp-json\/wp\/v3\/product"}],"about":[{"href":"https:\/\/www.darazsvin.sk\/hu\/wp-json\/wp\/v2\/types\/product"}],"replies":[{"embeddable":true,"href":"https:\/\/www.darazsvin.sk\/hu\/wp-json\/wp\/v2\/comments?post=1396"}],"wp:featuredmedia":[{"embeddable":true,"href":"https:\/\/www.darazsvin.sk\/hu\/wp-json\/wp\/v2\/media\/1397"}],"wp:attachment":[{"href":"https:\/\/www.darazsvin.sk\/hu\/wp-json\/wp\/v2\/media?parent=1396"}],"wp:term":[{"taxonomy":"product_cat","embeddable":true,"href":"https:\/\/www.darazsvin.sk\/hu\/wp-json\/wp\/v2\/product_cat?post=1396"},{"taxonomy":"product_tag","embeddable":true,"href":"https:\/\/www.darazsvin.sk\/hu\/wp-json\/wp\/v2\/product_tag?post=1396"}],"curies":[{"name":"wp","href":"https:\/\/api.w.org\/{rel}","templated":true}]}}