{"id":403,"date":"2019-03-02T17:19:02","date_gmt":"2019-03-02T16:19:02","guid":{"rendered":"http:\/\/darazsvin.sk\/?page_id=403"},"modified":"2019-03-04T11:24:42","modified_gmt":"2019-03-04T10:24:42","slug":"dodanie-a-platba","status":"publish","type":"page","link":"https:\/\/www.darazsvin.sk\/hu\/szallitas-es-fizetes\/","title":{"rendered":"Sz\u00e1ll\u00edt\u00e1s \u00e9s fizet\u00e9s"},"content":{"rendered":"<h2>Fizet\u00e9si lehet\u0151s\u00e9gek<\/h2>\n<ul>\n<li class=\" translation-block\"><strong>Ut\u00e1nv\u00e9tel<\/strong> \u2013 a megrendel\u00e9st azonnal int\u00e9zz\u00fck \u00e9s fut\u00e1rszolg\u00e1lattal k\u00fcldj\u00fck, vagy az \u00e1rut szem\u00e9lyesen veheti \u00e1t \u00fczlet\u00fcnkben <strong>(1,20 \u20ac)<\/strong><\/li>\n<li class=\" translation-block\"><strong>Banki \u00e1tutal\u00e1s<\/strong>: megrendel\u00e9s\u00e9t a banksz\u00e1ml\u00e1nkra t\u00f6rt\u00e9n\u0151 \u00e1tutal\u00e1s ut\u00e1n k\u00fcldj\u00fck. A t\u00e9r\u00edt\u00e9s \u2013 a bankt\u00f3l f\u00fcgg\u0151en - napokig eltarthat. <strong>(Ingyenes)<\/strong><\/li>\n<\/ul>\n<h3>BANKI KAPCSOLAT:<\/h3>\n<p><strong>Bank<\/strong>: \u010cSOB<br \/>\n<strong>Sz\u00e1mlasz\u00e1m<\/strong>: 4010998394<br \/>\n<strong>A bank sz\u00e1ma<\/strong>: 7500<br \/>\n<strong>IBAN<\/strong>: SK3075000000004010998394<br \/>\n<strong>BIC\/SWIFT<\/strong>: CEKOSKBX<\/p>\n<h2>A sz\u00e1ll\u00edt\u00e1s lehet\u0151s\u00e9gei<\/h2>\n<ul>\n<li class=\" translation-block\"><strong>Szem\u00e9lyes \u00e1tv\u00e9tel<\/strong> \u2013 megrendel\u00e9s\u00e9t <a href=\"\/kontakt\" target=\"_self\">telefonos egyeztet\u00e9st k\u00f6vet\u0151en<\/a> szem\u00e9lyesen veheti \u00e1t \u00fczlet\u00fcnkben <strong>(Ingyenes)<\/strong><\/li>\n<li class=\" translation-block\"><strong>DPD Fut\u00e1rszolg\u00e1lat<\/strong>: - rendeljen bort otthona k\u00e9nyelm\u00e9b\u0151l, amelyet fut\u00e1rszolg\u00e1ltat\u00f3val k\u00e9zbes\u00edt\u00fcnk \u00d6nnek. A sz\u00e1ll\u00edt\u00e1si k\u00f6lts\u00e9g a bor mennyis\u00e9g\u00e9t\u0151l f\u00fcgg. B\u0151vebb t\u00e1j\u00e9koztat\u00e1st internetes \u00fczlet\u00fcnk p\u00e9nzt\u00e1r\u00e1ban kapnak.<\/li>\n<\/ul>","protected":false},"excerpt":{"rendered":"<p>Mo\u017enosti platby Dobierka \u2013 objedn\u00e1vku vybav\u00edme ihne\u010f a posielame kuri\u00e9rskou spolo\u010dnos\u0165ou DPD alebo si v\u00e1\u0161 bal\u00edk m\u00f4\u017eete osobne prevzia\u0165 na predajni (1,20 \u20ac) Bankov\u00fd prevod: objedn\u00e1vku v\u00e1m po\u0161leme po prijat\u00ed&hellip;<\/p>","protected":false},"author":7,"featured_media":0,"parent":0,"menu_order":0,"comment_status":"closed","ping_status":"closed","template":"","meta":[],"yoast_head":"<!-- This site is optimized with the Yoast SEO plugin v20.6 - https:\/\/yoast.com\/wordpress\/plugins\/seo\/ -->\n<title>Dodanie a platba | Vin\u00e1rstvo Dar\u00e1zsvin<\/title>\n<meta name=\"description\" content=\"Mo\u017enosti platby a dodania tovaru internetov\u00e9ho obchodu vin\u00e1rstva Dar\u00e1zsvin\" \/>\n<meta name=\"robots\" content=\"index, follow, max-snippet:-1, max-image-preview:large, max-video-preview:-1\" \/>\n<link rel=\"canonical\" href=\"https:\/\/www.darazsvin.sk\/hu\/szallitas-es-fizetes\/\" \/>\n<meta property=\"og:locale\" content=\"hu_HU\" \/>\n<meta property=\"og:type\" content=\"article\" \/>\n<meta property=\"og:title\" content=\"Dodanie a platba | Vin\u00e1rstvo Dar\u00e1zsvin\" \/>\n<meta property=\"og:description\" content=\"Mo\u017enosti platby a dodania tovaru internetov\u00e9ho obchodu vin\u00e1rstva Dar\u00e1zsvin\" \/>\n<meta property=\"og:url\" content=\"https:\/\/www.darazsvin.sk\/hu\/szallitas-es-fizetes\/\" \/>\n<meta property=\"og:site_name\" content=\"Vin\u00e1rstvo Dar\u00e1zsvin\" \/>\n<meta property=\"article:modified_time\" content=\"2019-03-04T10:24:42+00:00\" \/>\n<meta name=\"twitter:card\" content=\"summary_large_image\" \/>\n<meta name=\"twitter:label1\" content=\"Becs\u00fclt olvas\u00e1si id\u0151\" \/>\n\t<meta name=\"twitter:data1\" content=\"1 perc\" \/>\n<script type=\"application\/ld+json\" class=\"yoast-schema-graph\">{\"@context\":\"https:\/\/schema.org\",\"@graph\":[{\"@type\":\"WebPage\",\"@id\":\"https:\/\/www.darazsvin.sk\/dodanie-a-platba\/\",\"url\":\"https:\/\/www.darazsvin.sk\/dodanie-a-platba\/\",\"name\":\"Dodanie a platba | Vin\u00e1rstvo Dar\u00e1zsvin\",\"isPartOf\":{\"@id\":\"https:\/\/www.darazsvin.sk\/#website\"},\"datePublished\":\"2019-03-02T16:19:02+00:00\",\"dateModified\":\"2019-03-04T10:24:42+00:00\",\"description\":\"Mo\u017enosti platby a dodania tovaru internetov\u00e9ho obchodu vin\u00e1rstva Dar\u00e1zsvin\",\"breadcrumb\":{\"@id\":\"https:\/\/www.darazsvin.sk\/dodanie-a-platba\/#breadcrumb\"},\"inLanguage\":\"hu\",\"potentialAction\":[{\"@type\":\"ReadAction\",\"target\":[\"https:\/\/www.darazsvin.sk\/dodanie-a-platba\/\"]}]},{\"@type\":\"BreadcrumbList\",\"@id\":\"https:\/\/www.darazsvin.sk\/dodanie-a-platba\/#breadcrumb\",\"itemListElement\":[{\"@type\":\"ListItem\",\"position\":1,\"name\":\"Home\",\"item\":\"https:\/\/www.darazsvin.sk\/\"},{\"@type\":\"ListItem\",\"position\":2,\"name\":\"Dodanie a platba\"}]},{\"@type\":\"WebSite\",\"@id\":\"https:\/\/www.darazsvin.sk\/#website\",\"url\":\"https:\/\/www.darazsvin.sk\/\",\"name\":\"Vin\u00e1rstvo Dar\u00e1zsvin\",\"description\":\"Rodinn\u00e9 vin\u00e1rstvo s l\u00e1skou k v\u00ednu\",\"publisher\":{\"@id\":\"https:\/\/www.darazsvin.sk\/#organization\"},\"potentialAction\":[{\"@type\":\"SearchAction\",\"target\":{\"@type\":\"EntryPoint\",\"urlTemplate\":\"https:\/\/www.darazsvin.sk\/?s={search_term_string}\"},\"query-input\":\"required name=search_term_string\"}],\"inLanguage\":\"hu\"},{\"@type\":\"Organization\",\"@id\":\"https:\/\/www.darazsvin.sk\/#organization\",\"name\":\"Vin\u00e1rstvo Dar\u00e1zsvin\",\"url\":\"https:\/\/www.darazsvin.sk\/\",\"logo\":{\"@type\":\"ImageObject\",\"inLanguage\":\"hu\",\"@id\":\"https:\/\/www.darazsvin.sk\/#\/schema\/logo\/image\/\",\"url\":\"https:\/\/www.darazsvin.sk\/wp-content\/uploads\/2023\/05\/darazsvin-vinarstvo-logo-home.png\",\"contentUrl\":\"https:\/\/www.darazsvin.sk\/wp-content\/uploads\/2023\/05\/darazsvin-vinarstvo-logo-home.png\",\"width\":400,\"height\":180,\"caption\":\"Vin\u00e1rstvo Dar\u00e1zsvin\"},\"image\":{\"@id\":\"https:\/\/www.darazsvin.sk\/#\/schema\/logo\/image\/\"}}]}<\/script>\n<!-- \/ Yoast SEO plugin. -->","yoast_head_json":{"title":"Dodanie a platba | Vin\u00e1rstvo Dar\u00e1zsvin","description":"Mo\u017enosti platby a dodania tovaru internetov\u00e9ho obchodu vin\u00e1rstva Dar\u00e1zsvin","robots":{"index":"index","follow":"follow","max-snippet":"max-snippet:-1","max-image-preview":"max-image-preview:large","max-video-preview":"max-video-preview:-1"},"canonical":"https:\/\/www.darazsvin.sk\/hu\/szallitas-es-fizetes\/","og_locale":"hu_HU","og_type":"article","og_title":"Dodanie a platba | Vin\u00e1rstvo Dar\u00e1zsvin","og_description":"Mo\u017enosti platby a dodania tovaru internetov\u00e9ho obchodu vin\u00e1rstva Dar\u00e1zsvin","og_url":"https:\/\/www.darazsvin.sk\/hu\/szallitas-es-fizetes\/","og_site_name":"Vin\u00e1rstvo Dar\u00e1zsvin","article_modified_time":"2019-03-04T10:24:42+00:00","twitter_card":"summary_large_image","twitter_misc":{"Becs\u00fclt olvas\u00e1si id\u0151":"1 perc"},"schema":{"@context":"https:\/\/schema.org","@graph":[{"@type":"WebPage","@id":"https:\/\/www.darazsvin.sk\/dodanie-a-platba\/","url":"https:\/\/www.darazsvin.sk\/dodanie-a-platba\/","name":"Dodanie a platba | Vin\u00e1rstvo Dar\u00e1zsvin","isPartOf":{"@id":"https:\/\/www.darazsvin.sk\/#website"},"datePublished":"2019-03-02T16:19:02+00:00","dateModified":"2019-03-04T10:24:42+00:00","description":"Mo\u017enosti platby a dodania tovaru internetov\u00e9ho obchodu vin\u00e1rstva Dar\u00e1zsvin","breadcrumb":{"@id":"https:\/\/www.darazsvin.sk\/dodanie-a-platba\/#breadcrumb"},"inLanguage":"hu","potentialAction":[{"@type":"ReadAction","target":["https:\/\/www.darazsvin.sk\/dodanie-a-platba\/"]}]},{"@type":"BreadcrumbList","@id":"https:\/\/www.darazsvin.sk\/dodanie-a-platba\/#breadcrumb","itemListElement":[{"@type":"ListItem","position":1,"name":"Home","item":"https:\/\/www.darazsvin.sk\/"},{"@type":"ListItem","position":2,"name":"Dodanie a platba"}]},{"@type":"WebSite","@id":"https:\/\/www.darazsvin.sk\/#website","url":"https:\/\/www.darazsvin.sk\/","name":"Vin\u00e1rstvo Dar\u00e1zsvin","description":"Rodinn\u00e9 vin\u00e1rstvo s l\u00e1skou k v\u00ednu","publisher":{"@id":"https:\/\/www.darazsvin.sk\/#organization"},"potentialAction":[{"@type":"SearchAction","target":{"@type":"EntryPoint","urlTemplate":"https:\/\/www.darazsvin.sk\/?s={search_term_string}"},"query-input":"required name=search_term_string"}],"inLanguage":"hu"},{"@type":"Organization","@id":"https:\/\/www.darazsvin.sk\/#organization","name":"Vin\u00e1rstvo Dar\u00e1zsvin","url":"https:\/\/www.darazsvin.sk\/","logo":{"@type":"ImageObject","inLanguage":"hu","@id":"https:\/\/www.darazsvin.sk\/#\/schema\/logo\/image\/","url":"https:\/\/www.darazsvin.sk\/wp-content\/uploads\/2023\/05\/darazsvin-vinarstvo-logo-home.png","contentUrl":"https:\/\/www.darazsvin.sk\/wp-content\/uploads\/2023\/05\/darazsvin-vinarstvo-logo-home.png","width":400,"height":180,"caption":"Vin\u00e1rstvo Dar\u00e1zsvin"},"image":{"@id":"https:\/\/www.darazsvin.sk\/#\/schema\/logo\/image\/"}}]}},"_links":{"self":[{"href":"https:\/\/www.darazsvin.sk\/hu\/wp-json\/wp\/v2\/pages\/403"}],"collection":[{"href":"https:\/\/www.darazsvin.sk\/hu\/wp-json\/wp\/v2\/pages"}],"about":[{"href":"https:\/\/www.darazsvin.sk\/hu\/wp-json\/wp\/v2\/types\/page"}],"author":[{"embeddable":true,"href":"https:\/\/www.darazsvin.sk\/hu\/wp-json\/wp\/v2\/users\/7"}],"replies":[{"embeddable":true,"href":"https:\/\/www.darazsvin.sk\/hu\/wp-json\/wp\/v2\/comments?post=403"}],"version-history":[{"count":3,"href":"https:\/\/www.darazsvin.sk\/hu\/wp-json\/wp\/v2\/pages\/403\/revisions"}],"predecessor-version":[{"id":461,"href":"https:\/\/www.darazsvin.sk\/hu\/wp-json\/wp\/v2\/pages\/403\/revisions\/461"}],"wp:attachment":[{"href":"https:\/\/www.darazsvin.sk\/hu\/wp-json\/wp\/v2\/media?parent=403"}],"curies":[{"name":"wp","href":"https:\/\/api.w.org\/{rel}","templated":true}]}}