{"id":340,"date":"2019-03-01T21:06:07","date_gmt":"2019-03-01T20:06:07","guid":{"rendered":"http:\/\/darazsvin.sk\/?page_id=340"},"modified":"2019-03-01T21:06:07","modified_gmt":"2019-03-01T20:06:07","slug":"ochrana-osobnych-udajov","status":"publish","type":"page","link":"https:\/\/www.darazsvin.sk\/hu\/adatvedelmi-iranyelvek\/","title":{"rendered":"Szem\u00e9lyes adatok v\u00e9delme"},"content":{"rendered":"<h2 style=\"text-align: center;\"><strong>Szem\u00e9lyes adatok v\u00e9delme<\/strong><\/h2>\n<ul>\n<li>az \u00d6n\u00f6k szem\u00e9lyi adatainak kezel\u00e9s\u00e9t t\u00f6rv\u00e9nyes m\u00f3don, szakmailag \u00e9s \u00e9rz\u00e9kkel v\u00e9gezz\u00fck, adataik egy biztons\u00e1gos inform\u00e1ci\u00f3s rendszerben vannak elhelyezve<\/li>\n<li>a DAR\u00c1ZSVINK Kft. valamennyi dolgoz\u00f3ja, akik az \u00d6n\u00f6k szem\u00e9lyi adataival kapcsolatba ker\u00fclnek, kell\u0151en t\u00e1j\u00e9kozottak az adatkezel\u00e9s t\u00f6rv\u00e9ny \u00e1ltal el\u0151\u00edrt szab\u00e1lyaival \u00e9s titoktart\u00e1sra k\u00f6telezettek.<\/li>\n<li>csak olyan adatokat k\u00e9r\u00fcnk \u00d6n\u00f6kt\u0151l, amelyek azt a c\u00e9lt szolg\u00e1lj\u00e1k, ami miatt benn\u00fcnket megkerestek<\/li>\n<li>b\u00e1rmikor k\u00e9rhetik t\u0151l\u00fcnk e-mailes levelez\u00e9s\u00fcnk t\u00f6rl\u00e9s\u00e9t - e-mailben, \u00edr\u00e1sban vagy szem\u00e9lyesen<\/li>\n<\/ul>\n<h2 style=\"text-align: center;\">A szem\u00e9lyes adatfeldolgoz\u00e1s t\u00f6rv\u00e9nyes oka<\/h2>\n<p>Az \u00d6n\u00f6k szem\u00e9lyes adatainak kezel\u00e9se az \u00d6n\u00f6k j\u00f3v\u00e1hagy\u00e1s\u00e1n alapszik az Eur\u00f3pai Uni\u00f3 Parlamentj\u00e9nek 2016\/679-es hat\u00e1rozata \u2013 6. szakasz, 1. bek. \u2013 \u00e9rtelm\u00e9ben a fizikai szem\u00e9lyek adatai kezel\u00e9s\u00e9nek v\u00e9delm\u00e9r\u0151l, illetve ezen adatok szabad \u00e1raml\u00e1s\u00e1r\u00f3l, valamint a 95\/46\/ES sz\u00e1m\u00fa el\u0151\u00edr\u00e1s t\u00f6rl\u00e9s\u00e9r\u0151l \/A szem\u00e9lyi adatok v\u00e9delm\u00e9r\u0151l sz\u00f3l\u00f3 \u00e1ltal\u00e1nos rendelet\/ \/tov\u00e1bb csak rendelet\/<\/p>\n<p style=\"text-align: center;\">\n<strong>I.<\/strong><br \/>\n<strong>Az \u00d6n\u00f6k szem\u00e9lyi adatainak gondnoka \u00e9s a internetes bolt m\u0171k\u00f6dtet\u0151je<\/strong><\/p>\n<p style=\"text-align: center;\">DAR\u00c1ZSVIN s.r.o.<br \/>\nTe\u0161ed\u00edkovo \u010d.149<br \/>\n92582 Te\u0161ed\u00edkovo<br \/>\nI\u010cO: 45470642<br \/>\nDI\u010c DPH: SK2023005820<\/p>\n<p>Az \u00fczemeltet\u0151 a szem\u00e9lyes adatokat a regisztr\u00e1ci\u00f3s \u0171rlapon \u00e9s a www.darazsvin.sk weboldalon tal\u00e1lhat\u00f3 kapcsolatfelv\u00e9teli \u0171rlapon kereszt\u00fcl szerzi meg<\/p>\n<p><strong>TOV\u00c1BBI ADATGONDOZ\u00d3K \/K\u00d6ZVETIT\u0150K\/<\/strong><\/p>\n<p style=\"text-align: center;\">Az \u00d6n\u00f6k szem\u00e9lyes adatainak tov\u00e1bbi felhaszn\u00e1l\u00f3i lesznek: Websupport Kft. \/szervergondnok\/ \u00e9s a Direct Parcel Distribution SK Kft.,Technick\u00e1 7,821 04 Bratislava (Sz\u00e1ll\u00edt\u00f3szolg\u00e1lat)<\/p>\n<p>Az \u00fczemel\u0151 a vev\u0151 al\u00e1bbi adatait adja tov\u00e1bb a k\u00f6zvet\u00edt\u0151nek: keresztn\u00e9v, vezet\u00e9kn\u00e9v, c\u00edm, telefonsz\u00e1m, ut\u00e1nv\u00e9teli \u00f6sszeg.<\/p>\n<p style=\"text-align: center;\"><strong>II.<\/strong><br \/>\n<strong>A szem\u00e9lyes adatok kezel\u00e9s\u00e9nek c\u00e9lja<\/strong><\/p>\n<ul>\n<li>Ad\u00f3bizonylat ki\u00e1ll\u00edt\u00e1sa \u2013 sz\u00e1mla \u2013 a 2004\/222-es, az \u00e1ltal\u00e1nos forgalmi ad\u00f3r\u00f3l sz\u00f3l\u00f3 t\u00f6rv\u00e9ny alapj\u00e1n \u2013 7. bek., 2. szak., b.<\/li>\n<li>\u2022\tA szem\u00e9lyes adatok felhaszn\u00e1l\u00e1s\u00e1nak c\u00e9lja a vev\u0151 azonos\u00edt\u00e1sa.<\/li>\n<li>A szem\u00e9lyes adatok felhaszn\u00e1l\u00e1s\u00e1nak c\u00e9lja az \u00e1ru vagy szolg\u00e1ltat\u00e1s ir\u00e1nti \u00e9rdekl\u0151d\u00e9s visszaigazol\u00e1sa telefonon, vagy elektronikus post\u00e1n.<\/li>\n<li>\u2022\tAz \u00d6n szem\u00e9lyes adatai felhaszn\u00e1l\u00e1s\u00e1nak c\u00e9lja ad\u00f3bizonylat ki\u00e1ll\u00edt\u00e1sa a rendszer b\u00e9rl\u00e9s\u00e9\u00e9rt, \u00fczleti \u00e9rtes\u00edt\u0151k k\u00fcld\u00e9se, az adatkezel\u0151 egy\u00e9b \u00fczleti tev\u00e9kenys\u00e9ge \u00d6n fel\u00e9.<\/li>\n<li>Az adatkezel\u0151 r\u00e9sz\u00e9r\u0151l a rendelkez\u00e9s 22. pontja \u00e9rtelm\u00e9ben nem k\u00f6vetkezik az automatikus d\u00f6nt\u00e9shozatal.<\/li>\n<li>A megrendel\u00e9sek nyilv\u00e1ntart\u00e1sa az esetleges reklam\u00e1ci\u00f3k megold\u00e1sa \u00e9rdek\u00e9ben.<\/li>\n<\/ul>\n<p style=\"text-align: center;\"><strong>III.<\/strong><br \/>\n<strong>A feldolgozott szem\u00e9lyi adatok list\u00e1ja<\/strong><\/p>\n<ul>\n<li>az \u00fczemeltet\u0151 r\u00f6gz\u00edti az \u00d6n kapcsolattart\u00e1si adatait a szerz\u0151d\u00e9s megk\u00f6t\u00e9se el\u0151tti kapcsolattart\u00e1s \u00e9s a k\u00e9zbes\u00edt\u00e9s c\u00e9lj\u00e1b\u00f3l<\/li>\n<li>a kapcsolattart\u00e1si adatok \u2013 keresztn\u00e9v, vezet\u00e9kn\u00e9v, telefonsz\u00e1m, c\u00e9g regisztr\u00e1ci\u00f3ja eset\u00e9ben a c\u00e9g regisztr\u00e1ci\u00f3s- \u00e9s \u00c1FA sz\u00e1ma \/a megrendel\u00e9s visszaigazol\u00e1sa, a megrendel\u0151vel folytatott kommunik\u00e1ci\u00f3, az \u00e1ru k\u00e9zbes\u00edt\u00e9se \u00e9s az esetleges reklam\u00e1ci\u00f3 rendez\u00e9se c\u00e9lj\u00e1b\u00f3l\/<\/li>\n<li>a k\u00e9zbes\u00edt\u00e9shez sz\u00fcks\u00e9ges adatok - a v\u00e1s\u00e1rl\u00f3 neve \u00e9s vezet\u00e9kneve, titulusa, a k\u00e9zbes\u00edt\u00e9s helye<\/li>\n<\/ul>\n<p style=\"text-align: center;\"><strong>IV.<\/strong><\/p>\n<p style=\"text-align: center;\"><strong>Az \u00f6nk\u00e9ntes szem\u00e9lyes adatszolg\u00e1ltat\u00e1s<\/strong><\/p>\n<ul>\n<li>Az \u00fczemeltet\u0151 csak azokhoz a szem\u00e9lyes adatokhoz jut hozz\u00e1, amelyek a v\u00e1s\u00e1rl\u00f3 elv\u00e1r\u00e1sainak megfelelve k\u00f6telezetts\u00e9ge teljes\u00edt\u00e9s\u00e9hez sz\u00fcks\u00e9gesek.<\/li>\n<li>Az \u00fczemeltet\u0151 a v\u00e1s\u00e1rl\u00f3 azon szem\u00e9lyes adatait r\u00f6gz\u00edti, amelyek az elad\u00f3 \u00e9s vev\u0151 k\u00f6z\u00f6tt megk\u00f6t\u00f6tt ad\u00e1sv\u00e9teli szerz\u0151d\u00e9sb\u0151l ad\u00f3d\u00f3 k\u00f6telezetts\u00e9geinek teljes\u00edt\u00e9s\u00e9hez sz\u00fcks\u00e9gesek.<\/li>\n<li>Az \u00fczemeltet\u0151 az illet\u0151 szem\u00e9ly adatait csak addig haszn\u00e1lja, ameddig azok a szerz\u0151d\u00e9sben szerepl\u0151 rendeltet\u00e9s teljes\u00edt\u00e9s\u00e9hez sz\u00fcks\u00e9gesek, az \u00e1ltal\u00e1nosan k\u00f6telez\u0151 jogi el\u0151\u00edr\u00e1sok \u00e9rtelm\u00e9ben.<\/li>\n<li>Ezen adatok n\u00e9lk\u00fcl nem lehets\u00e9ges a megrendel\u00e9s feldolgoz\u00e1sa \u00e9s teljes\u00edt\u00e9se. Ebb\u0151l kifoly\u00f3lag a megrendel\u00e9s megval\u00f3sul\u00e1sa \u00e9rdek\u00e9ben a v\u00e1s\u00e1rl\u00f3 k\u00f6teles minden sz\u00fcks\u00e9ges \u00e9s k\u00e9rt adatot megadni.<\/li>\n<\/ul>\n<p style=\"text-align: center;\">\n<strong>V.<\/strong><\/p>\n<p style=\"text-align: center;\"><strong>Az adatok nyilv\u00e1noss\u00e1gra hozatala<\/strong><\/p>\n<ul>\n<li>Az \u00fczemeltet\u0151 a v\u00e1s\u00e1rl\u00f3kt\u00f3l kapott szem\u00e9lyes adatokat \u2013 fizikai szem\u00e9lyek\u00e9t - t\u00e1rsul\u00e1sunk soha nem hozza nyilv\u00e1noss\u00e1gra<\/li>\n<\/ul>\n<p style=\"text-align: center;\"><strong>VI.<\/strong><\/p>\n<p style=\"text-align: center;\"><strong>Az adatkezel\u00e9s felt\u00e9telei<\/strong><\/p>\n<ul>\n<li>Az \u00fczemeltet\u0151 ar\u00e1nyos technikai, szervez\u00e9si \u00e9s szem\u00e9lyi int\u00e9zked\u00e9seket foganatos\u00edtott a szem\u00e9lyes adatok felhaszn\u00e1l\u00e1s\u00e1n\u00e1l, mik\u00f6zben figyelembe vette a haszn\u00e1latos technikai eszk\u00f6z\u00f6ket, a feldolgozand\u00f3 szem\u00e9lyes adatok fontoss\u00e1g\u00e1t \u00e9s titkoss\u00e1g\u00e1t, valamint a lehets\u00e9ges kock\u00e1zatokat, amelyek k\u00e9pesek az inform\u00e1ci\u00f3s rendszer biztons\u00e1g\u00e1t \u00e9s m\u0171k\u00f6d\u00e9s\u00e9t befoly\u00e1solni.<\/li>\n<li>Az \u00fczemeltet\u0151 k\u00f6telezi mag\u00e1t arra, hogy az illet\u0151 szem\u00e9ly szem\u00e9lyes adatait a SZK \u00e9s az EU el\u0151\u00edr\u00e1saival \u00f6sszhangban kezeli.<\/li>\n<li>Az \u00fczemeltet\u0151 a felhaszn\u00e1l\u00e1s c\u00e9lj\u00e1nak teljes\u00edt\u00e9s\u00e9t k\u00f6vet\u0151en biztos\u00edtja az \u00e9rintett szem\u00e9ly szem\u00e9lyes adatainak azonnali t\u00f6rl\u00e9s\u00e9t.<\/li>\n<\/ul>\n<p style=\"text-align: center;\"><strong>VII.<\/strong><\/p>\n<p style=\"text-align: center;\"><strong>Az \u00e9rintett szem\u00e9ly jogai \u00e9s k\u00f6teless\u00e9gei<\/strong><\/p>\n<ul>\n<li>A DAR\u00c1ZSVIN Kft. v\u00e1s\u00e1rl\u00f3ja \u2013 \u00e9rintett szem\u00e9ly az SZK NT 122\/2013-as sz\u00e1m\u00fa, a szem\u00e9lyes adatok v\u00e9delm\u00e9r\u0151l sz\u00f3l\u00f3 t\u00f6rv\u00e9nye, valamint annak m\u00f3dos\u00edt\u00e1sai \u00e9s kieg\u00e9sz\u00edt\u00e9sei \u00e9rtelm\u00e9ben (tov\u00e1bb csak \u00e9rintett szem\u00e9ly\/ k\u00f6teles az internetes boltba val\u00f3 bejelentkez\u00e9se alkalm\u00e1val val\u00f3s adatokat felt\u00fcntetni.<\/li>\n<li>Az \u00e9rintett szem\u00e9ly k\u00f6telezi mag\u00e1t, hogy az adatai megv\u00e1ltoz\u00e1sa eset\u00e9n azokat legk\u00e9s\u0151bb a v\u00e1ltoztat\u00e1st k\u00f6vet\u0151 els\u0151 megrendel\u00e9st teljes\u00edt\u00e9se el\u0151tt friss\u00edti.<\/li>\n<li>Az \u00e9rintett szem\u00e9ly k\u00f6telezi mag\u00e1t, hogy ha a k\u00e9zbes\u00edt\u00e9s c\u00e9lj\u00e1b\u00f3l harmadik szem\u00e9lynek is adatokat szolg\u00e1ltat \/keresztn\u00e9v, vezet\u00e9kn\u00e9v, telefonsz\u00e1m\/, ezt az \u0151 beleegyez\u00e9s\u00e9vel teszi, \u00e9s az \u00e9rintett szem\u00e9ly ismeri azokat a l\u00e9p\u00e9seket, jogokat \u00e9s k\u00f6teless\u00e9geket, amelyek ezen az oldalon tal\u00e1lhat\u00f3k.<\/li>\n<li>Az \u00e9rintett szem\u00e9lynek joga van \u00edr\u00e1sos form\u00e1ban, e-mailben vagy a c\u00e9g sz\u00e9khely\u00e9n tett szem\u00e9lyes l\u00e1togat\u00e1sa alkalm\u00e1val az \u00fczemeltet\u0151t\u0151l k\u00e9rni:\n<ul>\n<li>T\u00e1j\u00e9koztat\u00e1st a saj\u00e1t szem\u00e9lyes adatai felhaszn\u00e1l\u00e1s\u00e1r\u00f3l.<\/li>\n<li>T\u00e1j\u00e9koztat\u00e1st kapni arr\u00f3l a forr\u00e1sr\u00f3l, ahonnan az \u0151 adatait kapt\u00e1k.<\/li>\n<li>A felhaszn\u00e1l\u00e1s t\u00e1rgy\u00e1t k\u00e9pez\u0151 szem\u00e9lyi adatainak m\u00e1solat\u00e1t.<\/li>\n<li>A felhaszn\u00e1l\u00e1s t\u00e1rgy\u00e1t k\u00e9pez\u0151 szem\u00e9lyes adatainak jav\u00edt\u00e1s\u00e1t helytelen, nem teljes vagy nem id\u0151szer\u0171 mivoltuk miatt.<\/li>\n<li>Szem\u00e9lyi adatainak t\u00f6rl\u00e9s\u00e9t.<\/li>\n<li>Az \u00e9rintett szem\u00e9ly szem\u00e9lyi adatait maga is m\u00f3dos\u00edthatja, a Bejelentkez\u00e9s c\u00edmsz\u00f3 alatt, a bejelentkez\u00e9st k\u00f6vet\u0151en.<\/li>\n<li>Az \u00e9rintett szem\u00e9ly minden jogos k\u00e9r\u00e9se teljes\u00edtve lesz, err\u0151l a k\u00e9r\u00e9s be\u00e9rkez\u00e9s\u00e9t\u0151l sz\u00e1m\u00edtva az \u00e9rintett szem\u00e9ly 30 napon bel\u00fcl \u00e9rtes\u00edt\u00e9st kap.<\/li>\n<\/ul>\n<\/li>\n<li><strong>Az \u00e9rintett szem\u00e9ly a SZK NT 2013\/122 - es sz\u00e1m\u00fa, a szem\u00e9lyi adatok v\u00e9delm\u00e9r\u0151l sz\u00f3l\u00f3 t\u00f6rv\u00e9nye, \u00e9s az erre vonatkoz\u00f3 v\u00e1ltoz\u00e1sok \u00e9s b\u0151v\u00edt\u00e9sek \u00e9rtelm\u00e9ben e-mailben, \u00edr\u00e1sban vagy szem\u00e9lyesen a t\u00e1rsul\u00e1s k\u00f6zpontj\u00e1ban \u00e9rv\u00e9nyes\u00edtheti jogait.<\/strong><\/li>\n<\/ul>\n<p style=\"text-align: center;\"><strong>VIII.<\/strong><br \/>\n<strong>Felvil\u00e1gos\u00edt\u00e1s az \u00e9rintett szem\u00e9ly jogair\u00f3l<\/strong><\/p>\n<ul>\n<li>A rendeletben foglalt felt\u00e9telek alapj\u00e1n \u00d6nnek joga van az adatkezel\u0151t\u0151l k\u00e9rni a saj\u00e1t szem\u00e9lyes adataihoz val\u00f3 hozz\u00e1f\u00e9r\u00e9st, azokban joga van jav\u00edt\u00e1st eszk\u00f6z\u00f6lni, t\u00f6r\u00f6lni, esetleg sz\u00fcneteltetni a felhaszn\u00e1l\u00e1s\u00e1t, joga van a szem\u00e9lyi adatok felhaszn\u00e1l\u00e1s\u00e1nak letilt\u00e1s\u00e1ra, \u00e9s joga van a saj\u00e1t szem\u00e9lyi adatainak \u00e1tvitel\u00e9re.<\/li>\n<li>Szem\u00e9lyes adatai felhaszn\u00e1l\u00e1s\u00e1ra az \u00fczemeltet\u0151nek adott beleegyez\u00e9s\u00e9t joga van b\u00e1rmikor visszavonni. A belegyez\u00e9s visszavon\u00e1s\u00e1t megel\u0151z\u0151en az adatok felhaszn\u00e1l\u00e1sa nem s\u00e9rti a t\u00f6rv\u00e9nyt. Szem\u00e9lyes adatai felhaszn\u00e1l\u00e1sr\u00f3l adott beleegyez\u00e9s\u00e9nek visszavon\u00e1s\u00e1t a www.dar\u00e1zsvin.sk honlapon teheti meg.<\/li>\n<li>Ha \u00d6n \u00fagy v\u00e9li, hogy az \u00d6n adatainak felhaszn\u00e1l\u00e1sa sor\u00e1n s\u00e9r\u00fcltek vagy s\u00e9r\u00fclnek a rendelkez\u00e9sbe foglalt szem\u00e9lyes jogai, joga van panasszal fordulni az ellen\u0151rz\u0151 hivatalhoz.<\/li>\n<\/ul>\n<p>Ezek a rendelkez\u00e9sek 2018.5.20-\u00e1n l\u00e9pnek \u00e9letbe.<\/p>","protected":false},"excerpt":{"rendered":"<p>Ochrana osobn\u00fdch \u00fadajov k sprac\u00favaniu Va\u0161ich osobn\u00fdch \u00fadajov pristupujeme len z\u00e1konn\u00fdm sp\u00f4sobom, profesion\u00e1lne a citlivoVa\u0161e osobn\u00e9 \u00fadaje s\u00fa ulo\u017een\u00e9 v zabezpe\u010denom informa\u010dnom syst\u00e9me v\u0161etci pracovn\u00edci DAR\u00c1ZSVIN s.r.o., ktor\u00e9 pr\u00eddu do&hellip;<\/p>","protected":false},"author":7,"featured_media":0,"parent":0,"menu_order":0,"comment_status":"closed","ping_status":"closed","template":"","meta":[],"yoast_head":"<!-- This site is optimized with the Yoast SEO plugin v20.6 - https:\/\/yoast.com\/wordpress\/plugins\/seo\/ -->\n<title>Ochrana osobn\u00fdch \u00fadajov | Vin\u00e1rstvo Vin\u00e1rstvo Dar\u00e1zsvin<\/title>\n<meta name=\"description\" content=\"Dokument o ochrane osobn\u00fdch \u00fadajov pou\u017e\u00edvate\u013eov str\u00e1nky internetov\u00e9ho obchodu vin\u00e1rstva Dar\u00e1zsvin\" \/>\n<meta name=\"robots\" content=\"index, follow, max-snippet:-1, max-image-preview:large, max-video-preview:-1\" \/>\n<link rel=\"canonical\" href=\"https:\/\/www.darazsvin.sk\/hu\/adatvedelmi-iranyelvek\/\" \/>\n<meta property=\"og:locale\" content=\"hu_HU\" \/>\n<meta property=\"og:type\" content=\"article\" \/>\n<meta property=\"og:title\" content=\"Ochrana osobn\u00fdch \u00fadajov | Vin\u00e1rstvo Vin\u00e1rstvo Dar\u00e1zsvin\" \/>\n<meta property=\"og:description\" content=\"Dokument o ochrane osobn\u00fdch \u00fadajov pou\u017e\u00edvate\u013eov str\u00e1nky internetov\u00e9ho obchodu vin\u00e1rstva Dar\u00e1zsvin\" \/>\n<meta property=\"og:url\" content=\"https:\/\/www.darazsvin.sk\/hu\/adatvedelmi-iranyelvek\/\" \/>\n<meta property=\"og:site_name\" content=\"Vin\u00e1rstvo Dar\u00e1zsvin\" \/>\n<meta name=\"twitter:card\" content=\"summary_large_image\" \/>\n<meta name=\"twitter:label1\" content=\"Becs\u00fclt olvas\u00e1si id\u0151\" \/>\n\t<meta name=\"twitter:data1\" content=\"7 perc\" \/>\n<script type=\"application\/ld+json\" class=\"yoast-schema-graph\">{\"@context\":\"https:\/\/schema.org\",\"@graph\":[{\"@type\":\"WebPage\",\"@id\":\"https:\/\/www.darazsvin.sk\/ochrana-osobnych-udajov\/\",\"url\":\"https:\/\/www.darazsvin.sk\/ochrana-osobnych-udajov\/\",\"name\":\"Ochrana osobn\u00fdch \u00fadajov | Vin\u00e1rstvo Vin\u00e1rstvo Dar\u00e1zsvin\",\"isPartOf\":{\"@id\":\"https:\/\/www.darazsvin.sk\/#website\"},\"datePublished\":\"2019-03-01T20:06:07+00:00\",\"dateModified\":\"2019-03-01T20:06:07+00:00\",\"description\":\"Dokument o ochrane osobn\u00fdch \u00fadajov pou\u017e\u00edvate\u013eov str\u00e1nky internetov\u00e9ho obchodu vin\u00e1rstva Dar\u00e1zsvin\",\"breadcrumb\":{\"@id\":\"https:\/\/www.darazsvin.sk\/ochrana-osobnych-udajov\/#breadcrumb\"},\"inLanguage\":\"hu\",\"potentialAction\":[{\"@type\":\"ReadAction\",\"target\":[\"https:\/\/www.darazsvin.sk\/ochrana-osobnych-udajov\/\"]}]},{\"@type\":\"BreadcrumbList\",\"@id\":\"https:\/\/www.darazsvin.sk\/ochrana-osobnych-udajov\/#breadcrumb\",\"itemListElement\":[{\"@type\":\"ListItem\",\"position\":1,\"name\":\"Home\",\"item\":\"https:\/\/www.darazsvin.sk\/\"},{\"@type\":\"ListItem\",\"position\":2,\"name\":\"Ochrana osobn\u00fdch \u00fadajov\"}]},{\"@type\":\"WebSite\",\"@id\":\"https:\/\/www.darazsvin.sk\/#website\",\"url\":\"https:\/\/www.darazsvin.sk\/\",\"name\":\"Vin\u00e1rstvo Dar\u00e1zsvin\",\"description\":\"Rodinn\u00e9 vin\u00e1rstvo s l\u00e1skou k v\u00ednu\",\"publisher\":{\"@id\":\"https:\/\/www.darazsvin.sk\/#organization\"},\"potentialAction\":[{\"@type\":\"SearchAction\",\"target\":{\"@type\":\"EntryPoint\",\"urlTemplate\":\"https:\/\/www.darazsvin.sk\/?s={search_term_string}\"},\"query-input\":\"required name=search_term_string\"}],\"inLanguage\":\"hu\"},{\"@type\":\"Organization\",\"@id\":\"https:\/\/www.darazsvin.sk\/#organization\",\"name\":\"Vin\u00e1rstvo Dar\u00e1zsvin\",\"url\":\"https:\/\/www.darazsvin.sk\/\",\"logo\":{\"@type\":\"ImageObject\",\"inLanguage\":\"hu\",\"@id\":\"https:\/\/www.darazsvin.sk\/#\/schema\/logo\/image\/\",\"url\":\"https:\/\/www.darazsvin.sk\/wp-content\/uploads\/2023\/05\/darazsvin-vinarstvo-logo-home.png\",\"contentUrl\":\"https:\/\/www.darazsvin.sk\/wp-content\/uploads\/2023\/05\/darazsvin-vinarstvo-logo-home.png\",\"width\":400,\"height\":180,\"caption\":\"Vin\u00e1rstvo Dar\u00e1zsvin\"},\"image\":{\"@id\":\"https:\/\/www.darazsvin.sk\/#\/schema\/logo\/image\/\"}}]}<\/script>\n<!-- \/ Yoast SEO plugin. -->","yoast_head_json":{"title":"Ochrana osobn\u00fdch \u00fadajov | Vin\u00e1rstvo Vin\u00e1rstvo Dar\u00e1zsvin","description":"Dokument o ochrane osobn\u00fdch \u00fadajov pou\u017e\u00edvate\u013eov str\u00e1nky internetov\u00e9ho obchodu vin\u00e1rstva Dar\u00e1zsvin","robots":{"index":"index","follow":"follow","max-snippet":"max-snippet:-1","max-image-preview":"max-image-preview:large","max-video-preview":"max-video-preview:-1"},"canonical":"https:\/\/www.darazsvin.sk\/hu\/adatvedelmi-iranyelvek\/","og_locale":"hu_HU","og_type":"article","og_title":"Ochrana osobn\u00fdch \u00fadajov | Vin\u00e1rstvo Vin\u00e1rstvo Dar\u00e1zsvin","og_description":"Dokument o ochrane osobn\u00fdch \u00fadajov pou\u017e\u00edvate\u013eov str\u00e1nky internetov\u00e9ho obchodu vin\u00e1rstva Dar\u00e1zsvin","og_url":"https:\/\/www.darazsvin.sk\/hu\/adatvedelmi-iranyelvek\/","og_site_name":"Vin\u00e1rstvo Dar\u00e1zsvin","twitter_card":"summary_large_image","twitter_misc":{"Becs\u00fclt olvas\u00e1si id\u0151":"7 perc"},"schema":{"@context":"https:\/\/schema.org","@graph":[{"@type":"WebPage","@id":"https:\/\/www.darazsvin.sk\/ochrana-osobnych-udajov\/","url":"https:\/\/www.darazsvin.sk\/ochrana-osobnych-udajov\/","name":"Ochrana osobn\u00fdch \u00fadajov | Vin\u00e1rstvo Vin\u00e1rstvo Dar\u00e1zsvin","isPartOf":{"@id":"https:\/\/www.darazsvin.sk\/#website"},"datePublished":"2019-03-01T20:06:07+00:00","dateModified":"2019-03-01T20:06:07+00:00","description":"Dokument o ochrane osobn\u00fdch \u00fadajov pou\u017e\u00edvate\u013eov str\u00e1nky internetov\u00e9ho obchodu vin\u00e1rstva Dar\u00e1zsvin","breadcrumb":{"@id":"https:\/\/www.darazsvin.sk\/ochrana-osobnych-udajov\/#breadcrumb"},"inLanguage":"hu","potentialAction":[{"@type":"ReadAction","target":["https:\/\/www.darazsvin.sk\/ochrana-osobnych-udajov\/"]}]},{"@type":"BreadcrumbList","@id":"https:\/\/www.darazsvin.sk\/ochrana-osobnych-udajov\/#breadcrumb","itemListElement":[{"@type":"ListItem","position":1,"name":"Home","item":"https:\/\/www.darazsvin.sk\/"},{"@type":"ListItem","position":2,"name":"Ochrana osobn\u00fdch \u00fadajov"}]},{"@type":"WebSite","@id":"https:\/\/www.darazsvin.sk\/#website","url":"https:\/\/www.darazsvin.sk\/","name":"Vin\u00e1rstvo Dar\u00e1zsvin","description":"Rodinn\u00e9 vin\u00e1rstvo s l\u00e1skou k v\u00ednu","publisher":{"@id":"https:\/\/www.darazsvin.sk\/#organization"},"potentialAction":[{"@type":"SearchAction","target":{"@type":"EntryPoint","urlTemplate":"https:\/\/www.darazsvin.sk\/?s={search_term_string}"},"query-input":"required name=search_term_string"}],"inLanguage":"hu"},{"@type":"Organization","@id":"https:\/\/www.darazsvin.sk\/#organization","name":"Vin\u00e1rstvo Dar\u00e1zsvin","url":"https:\/\/www.darazsvin.sk\/","logo":{"@type":"ImageObject","inLanguage":"hu","@id":"https:\/\/www.darazsvin.sk\/#\/schema\/logo\/image\/","url":"https:\/\/www.darazsvin.sk\/wp-content\/uploads\/2023\/05\/darazsvin-vinarstvo-logo-home.png","contentUrl":"https:\/\/www.darazsvin.sk\/wp-content\/uploads\/2023\/05\/darazsvin-vinarstvo-logo-home.png","width":400,"height":180,"caption":"Vin\u00e1rstvo Dar\u00e1zsvin"},"image":{"@id":"https:\/\/www.darazsvin.sk\/#\/schema\/logo\/image\/"}}]}},"_links":{"self":[{"href":"https:\/\/www.darazsvin.sk\/hu\/wp-json\/wp\/v2\/pages\/340"}],"collection":[{"href":"https:\/\/www.darazsvin.sk\/hu\/wp-json\/wp\/v2\/pages"}],"about":[{"href":"https:\/\/www.darazsvin.sk\/hu\/wp-json\/wp\/v2\/types\/page"}],"author":[{"embeddable":true,"href":"https:\/\/www.darazsvin.sk\/hu\/wp-json\/wp\/v2\/users\/7"}],"replies":[{"embeddable":true,"href":"https:\/\/www.darazsvin.sk\/hu\/wp-json\/wp\/v2\/comments?post=340"}],"version-history":[{"count":1,"href":"https:\/\/www.darazsvin.sk\/hu\/wp-json\/wp\/v2\/pages\/340\/revisions"}],"predecessor-version":[{"id":341,"href":"https:\/\/www.darazsvin.sk\/hu\/wp-json\/wp\/v2\/pages\/340\/revisions\/341"}],"wp:attachment":[{"href":"https:\/\/www.darazsvin.sk\/hu\/wp-json\/wp\/v2\/media?parent=340"}],"curies":[{"name":"wp","href":"https:\/\/api.w.org\/{rel}","templated":true}]}}